{"id":9458,"date":"2020-02-04T14:51:54","date_gmt":"2020-02-04T12:51:54","guid":{"rendered":"http:\/\/161.116.26.48\/?page_id=9458"},"modified":"2020-02-06T12:45:01","modified_gmt":"2020-02-06T10:45:01","slug":"newletterform","status":"publish","type":"page","link":"https:\/\/www.fbg.ub.edu\/en\/newletterform\/","title":{"rendered":"NewLetterForm"},"content":{"rendered":"<div class=\"wpb-content-wrapper\"><p>[vc_row][vc_column][vc_column_text]<strong>D\u00f3na&#8217;t d&#8217;alta si vols con\u00e8ixer seminaris, trobades d&#8217;innovaci\u00f3 o not\u00edcies de l&#8217;entron, entre d&#8217;altres.<\/strong><\/p>\n<script>(function() {\n\twindow.mc4wp = window.mc4wp || {\n\t\tlisteners: [],\n\t\tforms: {\n\t\t\ton: function(evt, cb) {\n\t\t\t\twindow.mc4wp.listeners.push(\n\t\t\t\t\t{\n\t\t\t\t\t\tevent   : evt,\n\t\t\t\t\t\tcallback: cb\n\t\t\t\t\t}\n\t\t\t\t);\n\t\t\t}\n\t\t}\n\t}\n})();\n<\/script><!-- Mailchimp for WordPress v4.12.3 - https:\/\/wordpress.org\/plugins\/mailchimp-for-wp\/ --><form id=\"mc4wp-form-1\" class=\"mc4wp-form mc4wp-form-9474 mc4wp-form-theme mc4wp-form-theme-light mc4wp-ajax\" method=\"post\" data-id=\"9474\" data-name=\"Form Newsletter EN 2\" ><div class=\"mc4wp-form-fields\"><p>\r\n    <label>First Name<\/label>\r\n    <input type=\"text\" name=\"FNAME\" required>\r\n<\/p>\r\n<p>\r\n    <label>Last Name<\/label>\r\n    <input type=\"text\" name=\"LNAME\" required>\r\n<\/p>\r\n<p>\r\n    <label>Institution\/Company<\/label>\r\n    <input type=\"text\" name=\"MMERGE5\">\r\n<\/p>\r\n<p>\r\n\t<label>Email address: <\/label>\r\n\t<input type=\"email\" name=\"EMAIL\" placeholder=\"Your email address\" required \/>\r\n<\/p>\r\n<p>\r\n    <label>My email campaigns are meant to be seen by the public. The more the merrier, in fact. If\/when Mailchimp builds tools that help people discover me and sign up for this list, I'd like to take part in that.<\/label>\r\n    <label>\r\n        <input name=\"MMERGE7\" type=\"radio\" value=\"S\u00ed\" required=\"\"> <span>Yes. My campaigns are public, and I want them to be discovered<\/span>\r\n    <\/label>\r\n<\/p>\r\n<p> \r\n<\/p>\r\n<p>\r\n\t<input type=\"submit\" value=\"Sign up\"\/>\r\n<\/p>\r\n\r\n<\/div><label style=\"display: none !important;\">Leave this field empty if you're human: <input type=\"text\" name=\"_mc4wp_honeypot\" value=\"\" tabindex=\"-1\" autocomplete=\"off\" \/><\/label><input type=\"hidden\" name=\"_mc4wp_timestamp\" value=\"1778211053\" \/><input type=\"hidden\" name=\"_mc4wp_form_id\" value=\"9474\" \/><input type=\"hidden\" name=\"_mc4wp_form_element_id\" value=\"mc4wp-form-1\" \/><div class=\"mc4wp-response\"><\/div><\/form><!-- \/ Mailchimp for WordPress Plugin -->\n<p><strong><a href=\"http:\/\/www.fbg.ub.edu\/avis-legal\/\">Av\u00eds legal i Pol\u00edtica de privacitat<\/a><\/strong>[\/vc_column_text][\/vc_column][\/vc_row]<\/p>\n<\/div>","protected":false},"excerpt":{"rendered":"<p>[vc_row][vc_column][vc_column_text]D\u00f3na&#8217;t d&#8217;alta si vols con\u00e8ixer seminaris, trobades d&#8217;innovaci\u00f3 o not\u00edcies de l&#8217;entron, entre d&#8217;altres. Av\u00eds legal i Pol\u00edtica de privacitat[\/vc_column_text][\/vc_column][\/vc_row]<\/p>\n","protected":false},"author":6,"featured_media":0,"parent":0,"menu_order":0,"comment_status":"closed","ping_status":"closed","template":"","meta":{"_acf_changed":false,"inline_featured_image":false,"_monsterinsights_skip_tracking":false,"_monsterinsights_sitenote_active":false,"_monsterinsights_sitenote_note":"","_monsterinsights_sitenote_category":0,"footnotes":""},"class_list":["post-9458","page","type-page","status-publish","hentry"],"acf":[],"_links":{"self":[{"href":"https:\/\/www.fbg.ub.edu\/en\/wp-json\/wp\/v2\/pages\/9458","targetHints":{"allow":["GET"]}}],"collection":[{"href":"https:\/\/www.fbg.ub.edu\/en\/wp-json\/wp\/v2\/pages"}],"about":[{"href":"https:\/\/www.fbg.ub.edu\/en\/wp-json\/wp\/v2\/types\/page"}],"author":[{"embeddable":true,"href":"https:\/\/www.fbg.ub.edu\/en\/wp-json\/wp\/v2\/users\/6"}],"replies":[{"embeddable":true,"href":"https:\/\/www.fbg.ub.edu\/en\/wp-json\/wp\/v2\/comments?post=9458"}],"version-history":[{"count":6,"href":"https:\/\/www.fbg.ub.edu\/en\/wp-json\/wp\/v2\/pages\/9458\/revisions"}],"predecessor-version":[{"id":9477,"href":"https:\/\/www.fbg.ub.edu\/en\/wp-json\/wp\/v2\/pages\/9458\/revisions\/9477"}],"wp:attachment":[{"href":"https:\/\/www.fbg.ub.edu\/en\/wp-json\/wp\/v2\/media?parent=9458"}],"curies":[{"name":"wp","href":"https:\/\/api.w.org\/{rel}","templated":true}]}}