{"id":5356,"date":"2017-11-09T12:45:00","date_gmt":"2017-11-09T11:45:00","guid":{"rendered":"http:\/\/161.116.26.48\/researchers\/ub-expertise\/innovacio-en-turisme\/"},"modified":"2017-11-09T12:45:00","modified_gmt":"2017-11-09T11:45:00","slug":"innovacio-en-turisme","status":"publish","type":"page","link":"https:\/\/www.fbg.ub.edu\/en\/researchers\/ub-expertise\/innovacio-en-turisme\/","title":{"rendered":"Innovaci\u00f3 en turisme"},"content":{"rendered":"<h3>Desenvolupament de productes<\/h3>\n<p>Rutes tem\u00e0tiques: formaci\u00f3 de guies, projectes \u00a0narratius, elaboraci\u00f3 de \u00a0guies i senyal\u00edstica.<\/p>\n<p>Recreacions, reproduccions i revaloritzacions d\u2019artefactes, productes, escenografies i ambients d&#8217;inter\u00e8s tur\u00edstic.<\/p>\n<p>Planificaci\u00f3 i disseny de centres d&#8217;interpretaci\u00f3 art\u00edstica, hist\u00f2rica i cultural.<\/p>\n<p>Muntatge d\u2019exposicions, adaptacions dramatitzades de textos i produccions musicals d\u2019ambient tem\u00e0tic.<\/p>\n<h3>An\u00e0lisi i disseny de productes digitals<\/h3>\n<p>Recreacions hist\u00f2riques i reconstruccions virtuals d\u2019edificis per dispositius digitals.<\/p>\n<p>Assessoria i cerca de material per a productes audiovisuals de tem\u00e0tica hist\u00f2rica, art\u00edstica i cultural.<\/p>\n<p>Disseny de jocs did\u00e0ctics \u00a0i videojocs amb rerefons hist\u00f2ric\/arqueol\u00f2gic.<\/p>\n<p>Desenvolupament de webs d&#8217;inter\u00e8s tur\u00edstic.<\/p>\n<p>Elaboraci\u00f3 de materials per dispositius m\u00f2bils, tabletes, etc.<\/p>\n<h3>An\u00e0lisi de mercats<\/h3>\n<p>An\u00e0lisi de comportaments i h\u00e0bits de segments, i de projeccions din\u00e0miques futures.<\/p>\n<p>Avaluaci\u00f3 de la qualitat de productes i serveis tur\u00edstics.<\/p>\n<p>Business anthropology per a l\u2019an\u00e0lisi de la percepci\u00f3 del turista.<\/p>\n<p>An\u00e0lisi de l\u2019experi\u00e8ncia buscada del turista.<\/p>\n<p>Estudi de l\u2019impacte econ\u00f2mic, ambiental i ve\u00efnal d\u2019un producte, \u00a0servei, sector tur\u00edstic<\/p>\n","protected":false},"excerpt":{"rendered":"<p>Desenvolupament de productes Rutes tem\u00e0tiques: formaci\u00f3 de guies, projectes \u00a0narratius, elaboraci\u00f3 de \u00a0guies i senyal\u00edstica. Recreacions, reproduccions i revaloritzacions d\u2019artefactes,&#8230;<\/p>\n","protected":false},"author":1,"featured_media":3143,"parent":1463,"menu_order":0,"comment_status":"closed","ping_status":"closed","template":"page-expertesa.php","meta":{"_acf_changed":false,"inline_featured_image":false,"_monsterinsights_skip_tracking":false,"_monsterinsights_sitenote_active":false,"_monsterinsights_sitenote_note":"","_monsterinsights_sitenote_category":0,"footnotes":""},"class_list":["post-5356","page","type-page","status-publish","has-post-thumbnail","hentry"],"acf":[],"_links":{"self":[{"href":"https:\/\/www.fbg.ub.edu\/en\/wp-json\/wp\/v2\/pages\/5356","targetHints":{"allow":["GET"]}}],"collection":[{"href":"https:\/\/www.fbg.ub.edu\/en\/wp-json\/wp\/v2\/pages"}],"about":[{"href":"https:\/\/www.fbg.ub.edu\/en\/wp-json\/wp\/v2\/types\/page"}],"author":[{"embeddable":true,"href":"https:\/\/www.fbg.ub.edu\/en\/wp-json\/wp\/v2\/users\/1"}],"replies":[{"embeddable":true,"href":"https:\/\/www.fbg.ub.edu\/en\/wp-json\/wp\/v2\/comments?post=5356"}],"version-history":[{"count":0,"href":"https:\/\/www.fbg.ub.edu\/en\/wp-json\/wp\/v2\/pages\/5356\/revisions"}],"up":[{"embeddable":true,"href":"https:\/\/www.fbg.ub.edu\/en\/wp-json\/wp\/v2\/pages\/1463"}],"wp:featuredmedia":[{"embeddable":true,"href":"https:\/\/www.fbg.ub.edu\/en\/wp-json\/wp\/v2\/media\/3143"}],"wp:attachment":[{"href":"https:\/\/www.fbg.ub.edu\/en\/wp-json\/wp\/v2\/media?parent=5356"}],"curies":[{"name":"wp","href":"https:\/\/api.w.org\/{rel}","templated":true}]}}