{"id":5349,"date":"2018-05-22T11:38:20","date_gmt":"2018-05-22T10:38:20","guid":{"rendered":"http:\/\/161.116.26.48\/researchers\/research-groups-of-the-ub\/autoimmunity-and-tolerance-immunonutrition\/"},"modified":"2021-11-17T15:49:39","modified_gmt":"2021-11-17T13:49:39","slug":"autoimmunity-and-tolerance-immunonutrition","status":"publish","type":"page","link":"https:\/\/www.fbg.ub.edu\/en\/researchers\/research-groups-of-the-ub\/autoimmunity-and-tolerance-immunonutrition\/","title":{"rendered":"Autoimmunity, Immunonutrition and Tolerance"},"content":{"rendered":"<h3>Introduction<\/h3>\n<p>The research team of <strong>Autoimmunity, Immunonutrition and Tolerance<\/strong> has more than 30 years\u2019 experience in the field of experimental <strong>immunonutrition<\/strong>.<\/p>\n<p>Initially focused on studying the physiologic bases of the chronic inflammatory process, currently, the group extends their research on deciphering the <strong>influence of nutrients<\/strong> as flavonoids, probiotics, prebiotics and breast milk bioactive compounds on the <strong>immune system<\/strong> function in hazardous conditions as <strong>infectious<\/strong> processes, <strong>allergies<\/strong>, <strong>transient immunodeficiency\u2019s<\/strong> and the immune system immaturity in <strong>newborns<\/strong> and <strong>early stages of life<\/strong>.<\/p>\n<h3>WHAT WE DO<\/h3>\n<h3>Services<\/h3>\n<p>The group possesses long expertise in developing in vivo and ex vivo experimental models and biochemical and molecular techniques in order to better understand the mechanisms related to inflammation, infectious processes and allergic and autoimmune pathologic situations.<\/p>\n<p><strong>Experimental models:<\/strong><\/p>\n<ul>\n<li>In vitro (Ex vivo) studies<\/li>\n<li>Immunization<\/li>\n<li>Intense physical activity (running)<\/li>\n<li>Child diarrhea &#8211; rotavirus infection<\/li>\n<li>Acut and chronic inflammation (carrageenan and arthritis)<\/li>\n<li>Intestinal inflammation (indomethacin or DSS)<\/li>\n<li>Autoimmunity (arthritis induced by collagen)<\/li>\n<li>Allergy and food allergy (anaphylactic shock)<\/li>\n<li>Prematurity<\/li>\n<li>Metamofetal transmission<\/li>\n<\/ul>\n<p>They also offer other <strong>methodologies and services<\/strong>:<\/p>\n<ul>\n<li>Diets design and ingredients incorporation into feed<\/li>\n<li>Experimental animals manipulation and oral administration from birth to senescence<\/li>\n<li>Functional immune response studies: phagocytic activity, cytokines or immunoglobulins production, NK activity, cellular proliferation.<\/li>\n<li>Gene (real time PCR, array) and protein (Western Blot) expression assays<\/li>\n<li>Antibody, cytokines and soluble factors quantification<\/li>\n<li>Lymphocytic phenotype determination by flux cytometry<\/li>\n<li>Intestinal permeability tests<\/li>\n<li>Histologic and immunohistochemistry related techniques<\/li>\n<li>Intestinal microbiota characterization (FISH-FC, metagenomics)<\/li>\n<li>Metabolomics approximation<\/li>\n<li>SCFA quantification<\/li>\n<\/ul>\n<h3>FOR WHOM WE WORK<\/h3>\n<h4>Industrials sectors<\/h4>\n<ul>\n<li>Food<\/li>\n<li>Health<\/li>\n<li>Pharma<\/li>\n<li>Agriculture and Cattle<\/li>\n<\/ul>\n<h4>Partners<\/h4>\n<ul>\n<li>University of Reading<\/li>\n<li>Medizinische Universitat Wien<\/li>\n<li>CTNS<\/li>\n<li>NUTREXPA<\/li>\n<li>ORDESA<\/li>\n<li>Biosearch Life<\/li>\n<li>NUTRICIA<\/li>\n<li>CELLERIX GENOME<\/li>\n<\/ul>\n<h3>RESULTS<\/h3>\n<h4><strong>Transfer Activities<\/strong><\/h4>\n<ul>\n<li><strong>Exosome-derived quasi-enveloped virus particles as candidate for novel hepatitis A and E vaccines.<\/strong> 2019-2022. Ref. MARATO TV3 201828-31, Fundaci\u00f3 La Marat\u00f3 de TV3. IP Margarida Castell Escuer.<\/li>\n<li><strong>Dietary improvement of breast milk composition to counteract early life infections (DIM-2-ELI). <\/strong>2019-2022. Ref. MARATO TV3 201818-30. Fundaci\u00f3 La Marat\u00f3 de TV3. IP: Francisco J P\u00e9rez Cano<\/li>\n<li><strong>New functional properties of cocoa on immune system and microbiota in the intense physical exercise<\/strong> 2016-2021. Ref. AGL2016-76972-R. Ministerio de Econom\u00eda, Industria y Competitividad, Agencia Estatal de Investigaci\u00f3n (AEI) and European Regional Development Fund (ERDF). IP: Margarida Castell Escuer.<\/li>\n<li><strong>Gene expression changes in the intestine by microbial modulators in early life<\/strong>. 2019 \u2013 2021. Ref. FBG 310650. Nutricia Research, B.V. IP: Francisco Jose Perez Cano and Maria Jose Rodriguez Lagunas<\/li>\n<li><strong>Actividad antiasm\u00e0tica y antinflamatoria del Cacao (<em>Theobroma cacao<\/em>) como coadyuvante en el tratamiento del asma bronquial: Evaluaci\u00f3n in vitro e in vivo de compuestos bioactivos de 4 variedades de cacao peruano.<\/strong> 2018-2020. Ref: 137-2017-FONDECYT. Consejo Nacional de Ciencia, Tecnolog\u00eda e Innovaci\u00f3n Tecnol\u00f3gica (CONCYTEC). IP: Ivan Best (Universidad Cient\u00edfica del Sur, Lima, Peru) and Margarida Castell Escuer and Francisco J P\u00e9rez Cano (Universitat de Barcelona)<\/li>\n<\/ul>\n<h4>Publications<\/h4>\n<ul>\n<li>Ruiz-Iglesias P, Estruel-Amades S, Camps-Bossacoma M, Massot-Cladera M, Castell M, P\u00e9rez-Cano FJ. <strong>Alterations in the mucosal immune system by a chronic exhausting exercise in Wistar rats. <\/strong>Sci Rep.; 10 (1): 17950. 2020. DOI: 10.1038\/s41598-020-74837-9.<\/li>\n<li>Azagra-Boronat I, Tres A, Massot-Cladera M, Franch A, Castell M, Guardiola F, P\u00e9rez-Cano FJ, Rodr\u00edguez-Lagunas MJ. <strong><em>Lactobacillus fermentum<\/em> CECT5716 supplementation in rats during pregnancy and lactation affects mammary milk composition.<\/strong> J Dairy Sci; 103 (4), pp 2982-2992. 2020. DOI: 10.3168\/jds.2019-17384.<\/li>\n<li>Torres-Castro P, Grases-Pint\u00f3 B, Abril-Gil M, Castell M, Rodr\u00edguez-Lagunas MJ, P\u00e9rez-Cano FJ, Franch \u00c0. <strong>Modulation of the Systemic Immune Response in Suckling Rats by Breast Milk TGF-\u03b22, EGF and FGF21 Supplementation. <\/strong>Nutrients; 12 (6): 1888. 2020. DOI: 10.3390\/nu12061888.<\/li>\n<li>P\u00e9riz M, P\u00e9rez-Cano FJ, Cambras T, Franch \u00c0, Best I, Pastor-Soplin S, Castell M, Massot-Cladera M. <strong>Attenuating Effect of Peruvian Cocoa Populations on the Acute Asthmatic Response in Brown Norway Rats<\/strong>. Nutrients; 12 (8): 2301. 2020. DOI: 10.3390\/nu12082301.<\/li>\n<li>Azagra-Boronat I, Massot-Cladera M, Mayneris-Perxachs J, Knipping K, Van&#8217;t Land B, Tims S, Stahl\u00a0 B, Garssen J, Franch A, Castell M, Rodr\u00edguez-Lagunas MJ, P\u00e9rez-Cano FJ. <strong>Immunomodulatory and prebiotic effects of 2&#8242;-fucosyllactose in suckling rats. <\/strong>Front Immunol 10: 1773. 2019. DOI: 10.3389\/fimmu.2019.01773.<\/li>\n<\/ul>\n<p>&nbsp;<\/p>\n<p>&nbsp;<\/p>\n<p>&nbsp;<\/p>\n","protected":false},"excerpt":{"rendered":"<p>Introduction The research team of Autoimmunity, Immunonutrition and Tolerance has more than 30 years\u2019 experience in the field of experimental&#8230;<\/p>\n","protected":false},"author":2,"featured_media":5346,"parent":1468,"menu_order":0,"comment_status":"closed","ping_status":"closed","template":"page-grupsrecerca.php","meta":{"_acf_changed":false,"inline_featured_image":false,"_monsterinsights_skip_tracking":false,"_monsterinsights_sitenote_active":false,"_monsterinsights_sitenote_note":"","_monsterinsights_sitenote_category":0,"footnotes":""},"class_list":["post-5349","page","type-page","status-publish","has-post-thumbnail","hentry"],"acf":[],"_links":{"self":[{"href":"https:\/\/www.fbg.ub.edu\/en\/wp-json\/wp\/v2\/pages\/5349","targetHints":{"allow":["GET"]}}],"collection":[{"href":"https:\/\/www.fbg.ub.edu\/en\/wp-json\/wp\/v2\/pages"}],"about":[{"href":"https:\/\/www.fbg.ub.edu\/en\/wp-json\/wp\/v2\/types\/page"}],"author":[{"embeddable":true,"href":"https:\/\/www.fbg.ub.edu\/en\/wp-json\/wp\/v2\/users\/2"}],"replies":[{"embeddable":true,"href":"https:\/\/www.fbg.ub.edu\/en\/wp-json\/wp\/v2\/comments?post=5349"}],"version-history":[{"count":2,"href":"https:\/\/www.fbg.ub.edu\/en\/wp-json\/wp\/v2\/pages\/5349\/revisions"}],"predecessor-version":[{"id":13112,"href":"https:\/\/www.fbg.ub.edu\/en\/wp-json\/wp\/v2\/pages\/5349\/revisions\/13112"}],"up":[{"embeddable":true,"href":"https:\/\/www.fbg.ub.edu\/en\/wp-json\/wp\/v2\/pages\/1468"}],"wp:featuredmedia":[{"embeddable":true,"href":"https:\/\/www.fbg.ub.edu\/en\/wp-json\/wp\/v2\/media\/5346"}],"wp:attachment":[{"href":"https:\/\/www.fbg.ub.edu\/en\/wp-json\/wp\/v2\/media?parent=5349"}],"curies":[{"name":"wp","href":"https:\/\/api.w.org\/{rel}","templated":true}]}}