{"id":2169,"date":"2017-09-15T19:56:37","date_gmt":"2017-09-15T18:56:37","guid":{"rendered":"http:\/\/161.116.26.48\/researchers\/research-groups-of-the-ub\/grup-recerca-innovacio-dissenys\/"},"modified":"2017-11-22T09:24:04","modified_gmt":"2017-11-22T08:24:04","slug":"grup-recerca-innovacio-dissenys","status":"publish","type":"page","link":"https:\/\/www.fbg.ub.edu\/en\/researchers\/research-groups-of-the-ub\/grup-recerca-innovacio-dissenys\/","title":{"rendered":"Grup de Recerca i Innovaci\u00f3 en Dissenys"},"content":{"rendered":"<h3>Presentaci\u00f3<\/h3>\n<p>El grup de Recerca i Innovaci\u00f3 en Dissenys (GRID) de la Universitat de Barcelona (UB) actua com a motor d\u2019aven\u00e7os en metodologia observacional en l\u2019\u00e0mbit de l\u2019esport i l\u2019activitat f\u00edsica. El grup treballa en entorns naturals o habituals, centrant-se en l\u2019estudi del comportament espontani i elaborant instruments no est\u00e0ndards d\u2019observaci\u00f3. El mateix grup ha creat diversos programes inform\u00e0tics per l\u2019an\u00e0lisi de dades (<em>M<\/em><em>atch Vision Studio, ThemeCoder, Lince, Hoisan, Soccer Eye, <\/em>&#8230;).<\/p>\n<h3>QU\u00c8 FEM<\/h3>\n<h4>Serveis<\/h4>\n<ul>\n<li>An\u00e0lisi de l\u2019activitat f\u00edsica en diversos espais i entorns.<\/li>\n<li>Estudis per institucions sobre aspectes perceptibles de l\u2019activitat f\u00edsica i l\u2019esport.<\/li>\n<li>Estudis per institucions sobre la millora de la salut a partir de l\u2019activitat f\u00edsica.<\/li>\n<li>Estudi sobre la incid\u00e8ncia dels Jocs Ol\u00edmpics de Barcelona en la ciutat arrel de la satisfacci\u00f3 dels ciutadans quatre anys despr\u00e9s de la celebraci\u00f3. L\u2019estudi va ser encarregat pel \u00a0Comit\u00e8 \u00a0Ol\u00edmpic \u00a0Internacional \u00a0(COI) \u00a0i \u00a0per \u00a0la \u00a0Fundaci\u00f3 \u00a0Barcelona Ol\u00edmpica.<\/li>\n<\/ul>\n<h3>PER A QUI TREBALLEM<\/h3>\n<h4>Sectors industrials<\/h4>\n<p style=\"text-align: left;\">Tots\u00a0 \u00a0aquells\u00a0 \u00a0sectors\u00a0 \u00a0que\u00a0 \u00a0estiguin\u00a0 \u00a0relacionats\u00a0 \u00a0amb l\u2019educaci\u00f3 f\u00edsica i l\u2019esport.<\/p>\n<p><strong>Clients<\/strong><\/p>\n<p>Comit\u00e8 Ol\u00edmpic Internacional (COI); Fundaci\u00f3 Barcelona Ol\u00edmpica; Futbol Club Barcelona.<\/p>\n<h3>RECERCA<\/h3>\n<h4>L\u00ednies de recerca<\/h4>\n<ul>\n<li>Aven\u00e7os tecnol\u00f2gics i metodol\u00f2gics en l&#8217;automatitzaci\u00f3 d&#8217;estudis observacionals en l\u2019esport.<\/li>\n<li>Tecnologia i aplicaci\u00f3 multim\u00e8dia i digital als dissenys observacionals.<\/li>\n<li>Nous m\u00e8todes en l\u2019an\u00e0lisi i l\u2019aprenentatge t\u00e0ctic d&#8217;esports col\u00b7lectius.<\/li>\n<li>Observaci\u00f3 de la interacci\u00f3 en l\u2019esport i l\u2019activitat f\u00edsica: aven\u00e7os t\u00e8cnics i metodol\u00f2gics en registres automatitzats qualitatius-quantitatius.<\/li>\n<\/ul>\n<h4>Projectes de recerca<\/h4>\n<ul>\n<li>Patrones de diversificaci\u00f3n morfol\u00f3gica en Hom\u00ednidos: adaptaci\u00f3n, heterocron\u00eda, ambiente (CGL2006-02170\/BTE). Programa Nacional de Biodiversidad, Ciencias de la Tierra y Cambio Global. Secretar\u00eda de Estado de Universidades e Investigaci\u00f3n 2006-2010.<\/li>\n<li>17 Congreso de la\u00a0 Sociedad Espa\u00f1ola de Antropolog\u00eda F\u00edsica (CGL2011-14063\u2010E\/BOS). Programa Nacional de Proyectos de Investigaci\u00f3n Fundamental. Ministerio de Ciencia e Innovaci\u00f3n 2011.<\/li>\n<\/ul>\n<h3>RESULTATS<\/h3>\n<h4>Publicacions rellevants<\/h4>\n<p>&#8211;\u00a0\u00a0\u00a0\u00a0\u00a0 Chac\u00f3n-Moscoso, S., Sanduvete, S., Portell, M. &amp; Anguera, M.T. (2013). <em>Reporting a program evaluation: Needs, program plan, intervention, and decisions. \u00a0International Journal of Clinical and Health Psychology.<\/em><\/p>\n<p>&#8211;\u00a0\u00a0\u00a0\u00a0\u00a0 Busc\u00e0, B., Alique, D., Salas, C., &amp; Hileno, R. (2012). <em>Specific short-sprint assessment for beach wolley defensive actions<\/em>. <em>Medicine &amp; Science in Sport &amp; Exercise.<\/em><\/p>\n<p>&#8211;\u00a0\u00a0\u00a0\u00a0\u00a0 Casta\u00f1er, \u00a0M., \u00a0Torrents, \u00a0C., \u00a0Anguera, \u00a0M.T., \u00a0Dinu\u0161ov\u00e1, \u00a0M. \u00a0&amp; \u00a0Jonsson, \u00a0G. \u00a0(2009).\u00a0<em>Identifying and analyzing motor skill responses in body movement and dance<\/em>. <em>Behavior\u00a0<\/em><em>Research Methods.<\/em><\/p>\n<p>&#8211;\u00a0\u00a0\u00a0\u00a0\u00a0 Castellano, J., Blanco-Villase\u00f1or, A., &amp; \u00c1lvarez, D. (2011). <em>Contextual variables and time-motion analysis in soccer. International Journal of Sports Medicine.<\/em><\/p>\n<p>&#8211;\u00a0\u00a0\u00a0\u00a0\u00a0 Fern\u00e1ndez, \u00a0J., \u00a0Camerino, \u00a0O., \u00a0Anguera, \u00a0M.T. \u00a0&amp; \u00a0Jonsson, \u00a0G. \u00a0(2009). \u00a0<em>Identifying \u00a0and analyzing the construction and effectiveness of offensive plays in basketball by using systematic observation<\/em>. <em>Behavior Research Methods.<\/em><\/p>\n","protected":false},"excerpt":{"rendered":"<p>Presentaci\u00f3 El grup de Recerca i Innovaci\u00f3 en Dissenys (GRID) de la Universitat de Barcelona (UB) actua com a motor&#8230;<\/p>\n","protected":false},"author":1,"featured_media":3664,"parent":1468,"menu_order":0,"comment_status":"closed","ping_status":"closed","template":"page-grupsrecerca.php","meta":{"_acf_changed":false,"inline_featured_image":false,"_monsterinsights_skip_tracking":false,"_monsterinsights_sitenote_active":false,"_monsterinsights_sitenote_note":"","_monsterinsights_sitenote_category":0,"footnotes":""},"class_list":["post-2169","page","type-page","status-publish","has-post-thumbnail","hentry"],"acf":[],"_links":{"self":[{"href":"https:\/\/www.fbg.ub.edu\/en\/wp-json\/wp\/v2\/pages\/2169","targetHints":{"allow":["GET"]}}],"collection":[{"href":"https:\/\/www.fbg.ub.edu\/en\/wp-json\/wp\/v2\/pages"}],"about":[{"href":"https:\/\/www.fbg.ub.edu\/en\/wp-json\/wp\/v2\/types\/page"}],"author":[{"embeddable":true,"href":"https:\/\/www.fbg.ub.edu\/en\/wp-json\/wp\/v2\/users\/1"}],"replies":[{"embeddable":true,"href":"https:\/\/www.fbg.ub.edu\/en\/wp-json\/wp\/v2\/comments?post=2169"}],"version-history":[{"count":2,"href":"https:\/\/www.fbg.ub.edu\/en\/wp-json\/wp\/v2\/pages\/2169\/revisions"}],"predecessor-version":[{"id":3667,"href":"https:\/\/www.fbg.ub.edu\/en\/wp-json\/wp\/v2\/pages\/2169\/revisions\/3667"}],"up":[{"embeddable":true,"href":"https:\/\/www.fbg.ub.edu\/en\/wp-json\/wp\/v2\/pages\/1468"}],"wp:featuredmedia":[{"embeddable":true,"href":"https:\/\/www.fbg.ub.edu\/en\/wp-json\/wp\/v2\/media\/3664"}],"wp:attachment":[{"href":"https:\/\/www.fbg.ub.edu\/en\/wp-json\/wp\/v2\/media?parent=2169"}],"curies":[{"name":"wp","href":"https:\/\/api.w.org\/{rel}","templated":true}]}}