{"id":2165,"date":"2017-09-15T18:26:27","date_gmt":"2017-09-15T17:26:27","guid":{"rendered":"http:\/\/161.116.26.48\/researchers\/research-groups-of-the-ub\/farmacologia-productes-naturals\/"},"modified":"2017-11-22T08:54:15","modified_gmt":"2017-11-22T07:54:15","slug":"farmacologia-productes-naturals","status":"publish","type":"page","link":"https:\/\/www.fbg.ub.edu\/en\/researchers\/research-groups-of-the-ub\/farmacologia-productes-naturals\/","title":{"rendered":"Farmacologia de productes naturals"},"content":{"rendered":"<h3>Presentaci\u00f3<\/h3>\n<p>El grup de Farmacologia de Productes Naturals \u00e9s punter en l\u2019\u00e0mbit de la Fitoter\u00e0pia. La Fitoter\u00e0pia estudia l\u2019\u00fas de plantes medicinals i els seus derivats amb finalitat terap\u00e8utica, ja sigui per prevenir, alleugerar o fins i tot curar certes malalties. Emmarcats en un entorn eminentment farmac\u00e8utic, el grup aporta rigor cient\u00edfic en les propietats de diferents plantes i extractes vegetals, alhora que desenvolupa eines anal\u00edtiques per al control de qualitat d\u2019aquests productes.<\/p>\n<h3>QU\u00c8 FEM<\/h3>\n<h4>Serveis<\/h4>\n<ul>\n<li>Selecci\u00f3 i avaluaci\u00f3 de possibles ingredients d\u2019origen vegetal per productes nutricionals, cosm\u00e8tics, ginecol\u00f2gics, farmac\u00e8utics i additius per pinsos animals.<\/li>\n<li>Avaluaci\u00f3\u00a0 \u00a0de\u00a0 \u00a0l\u2019activitat\u00a0 \u00a0i\u00a0 \u00a0l\u2019efic\u00e0cia\u00a0 \u00a0farmacol\u00f2gica\u00a0 \u00a0d\u2019extractes\u00a0 \u00a0o\u00a0 \u00a0productes\u00a0 \u00a0vegetals: antioxidant, immunomodulador i estr\u00e8s oxidatiu.<\/li>\n<li>Desenvolupament de m\u00e8todes anal\u00edtics de control de qualitat per productes naturals.<\/li>\n<li>Registre de productes cosm\u00e8tics d\u2019origen natural.<\/li>\n<li>Registre de productes naturals com a THMP \u2013 <em>Traditional Herbal Medicinal Products.<\/em><\/li>\n<\/ul>\n<h3>PER A QUI TREBALLEM<\/h3>\n<h4>Sectors industrials<\/h4>\n<p>Degut a la gran versatilitat de les plantes, la Fitoter\u00e0pia \u00e9s aplicable als sectors Cosm\u00e8tic, Farmac\u00e8utic, Qu\u00edmic, Veterinari i de l\u2019Alimentaci\u00f3.<\/p>\n<p><strong>Clients<\/strong><\/p>\n<p>LiderVet;\u00a0 Diafarm\u00a0 Casen-Fleet;\u00a0 Vitae Natural Nutrition; Lainco; MADAUS; Novafarm;\u00a0\u00a0Casa Pronat; Cobiosa<\/p>\n<h3>RECERCA<\/h3>\n<h4>Projectes de recerca<\/h4>\n<ul>\n<li>Qu\u00edmica de les plantes medicinals: estudis de la composici\u00f3 d\u2019olis essencials y la seva variabilitat infraespec\u00edfica, particularment en esp\u00e8cies de Labiades i Piper\u00e0cies.<\/li>\n<li>Flavonoides, polisac\u00e0rids i altres grups qu\u00edmics bioactius de les plantes medicinals.<\/li>\n<li>Activitat biol\u00f2gica de les plantes medicinals: accions antiinflamat\u00f2ries, antif\u00fangiques, antioxidants i immunomoduladores de diverses esp\u00e8cies vegetals, sobretot de pa\u00efsos latinoamericans com Per\u00fa.<\/li>\n<li>Desenvolupament de m\u00e8todes de control de qualitat de preparats vegetals destinats a la preparaci\u00f3 de medicaments, complements, pinsos o cosm\u00e8tics.<\/li>\n<\/ul>\n<h3>RESULTATS<\/h3>\n<p><strong>Activitats de transfer\u00e8ncia<\/strong><\/p>\n<ul>\n<li>Registre de Fisiocrem com un THMP.<\/li>\n<li>Desenvolupament d\u2019actius cosm\u00e8tics a partir de plantes del Per\u00fa.<\/li>\n<li>Estudi de l\u2019extracte de cal\u00e8ndula irradiada per al seu preparat medicinal.<\/li>\n<li>Avaluaci\u00f3 de l\u2019activitat d\u2019olis essencials com a additius funcionals per animals.<\/li>\n<li>Caracteritzaci\u00f3 farmacol\u00f2gica i qu\u00edmica d\u2019extractes d\u2019\u00e0rnica i harpagofit de l\u2019ARNIDOL.<\/li>\n<li>\u00a0Selecci\u00f3\u00a0 \u00a0i\u00a0 \u00a0avaluaci\u00f3\u00a0 \u00a0de\u00a0 \u00a0possibles\u00a0 \u00a0ingredients\u00a0 \u00a0d\u2019origen\u00a0 \u00a0vegetal\u00a0 \u00a0per\u00a0 \u00a0productes ginecol\u00f2gics d\u2019aplicaci\u00f3 t\u00f2pica.<\/li>\n<\/ul>\n<h4>Publicacions rellevants<\/h4>\n<p>&#8211;\u00a0\u00a0\u00a0\u00a0 P\u00e9rez-Ros\u00e9s R, Risco E, Vila R, Pe\u00f1alver P, Ca\u00f1igueral S. 2015. <em>Effect of some essential oils on phagocytosis and complement system. <\/em>J Agric Food Chem. Feb 11;63(5):1496-1504.<\/p>\n<p>&#8211;\u00a0\u00a0\u00a0\u00a0 P\u00e9rez-Ros\u00e9s R, Risco E, Vila R, Pe\u00f1alver P, Ca\u00f1igueral S. 2015. <em>Antioxidant activity of Tween-\u00a0<\/em><em>2<\/em><em>0\u00a0 \u00a0and\u00a0 \u00a0Tween-80\u00a0 \u00a0evaluated\u00a0 \u00a0through\u00a0 \u00a0different\u00a0 \u00a0in-vitro\u00a0 \u00a0tests<\/em>.\u00a0 \u00a0J\u00a0 \u00a0Pharm\u00a0 \u00a0Pharmacol. May;67(5)666-672.<\/p>\n<p>&#8211;\u00a0\u00a0\u00a0\u00a0 Sanz-Biset \u00a0J, \u00a0Ca\u00f1igueral \u00a0S. \u00a02013. \u00a0<em>Plants \u00a0as \u00a0medicinal \u00a0stressors, \u00a0the \u00a0case \u00a0of \u00a0depurative practices in Chazuta valley (Peruvian Amazonia)<\/em>. J Ethnopharmacol. Jan 9;145(1):67-76.<\/p>\n<p>&#8211;\u00a0\u00a0\u00a0\u00a0 Sanz-Biset J, Ca\u00f1igueral S. 2012. <em>Plant use in the medicinal practices known as &#8220;strict diets&#8221; in Chazuta valley (Peruvian Amazon). <\/em>J Ethnopharmacol. \u00a0Sep 1;137(1):271-88.<\/p>\n<p>&#8211;\u00a0\u00a0\u00a0\u00a0 Al-Ja&#8217;fari AH, Vila R, Freixa B, Tomi F, Casanova J, Costa J, Ca\u00f1igueral S. 2011. <em>Composition and antifungal activity of the essential oil from the rhizome and roots of Ferula hermonis. <\/em>Phytochemistry. Aug;72(11-12):1406-13.<\/p>\n","protected":false},"excerpt":{"rendered":"<p>Presentaci\u00f3 El grup de Farmacologia de Productes Naturals \u00e9s punter en l\u2019\u00e0mbit de la Fitoter\u00e0pia. La Fitoter\u00e0pia estudia l\u2019\u00fas de&#8230;<\/p>\n","protected":false},"author":1,"featured_media":3640,"parent":1468,"menu_order":0,"comment_status":"closed","ping_status":"closed","template":"page-grupsrecerca.php","meta":{"_acf_changed":false,"inline_featured_image":false,"_monsterinsights_skip_tracking":false,"_monsterinsights_sitenote_active":false,"_monsterinsights_sitenote_note":"","_monsterinsights_sitenote_category":0,"footnotes":""},"class_list":["post-2165","page","type-page","status-publish","has-post-thumbnail","hentry"],"acf":[],"_links":{"self":[{"href":"https:\/\/www.fbg.ub.edu\/en\/wp-json\/wp\/v2\/pages\/2165","targetHints":{"allow":["GET"]}}],"collection":[{"href":"https:\/\/www.fbg.ub.edu\/en\/wp-json\/wp\/v2\/pages"}],"about":[{"href":"https:\/\/www.fbg.ub.edu\/en\/wp-json\/wp\/v2\/types\/page"}],"author":[{"embeddable":true,"href":"https:\/\/www.fbg.ub.edu\/en\/wp-json\/wp\/v2\/users\/1"}],"replies":[{"embeddable":true,"href":"https:\/\/www.fbg.ub.edu\/en\/wp-json\/wp\/v2\/comments?post=2165"}],"version-history":[{"count":3,"href":"https:\/\/www.fbg.ub.edu\/en\/wp-json\/wp\/v2\/pages\/2165\/revisions"}],"predecessor-version":[{"id":3643,"href":"https:\/\/www.fbg.ub.edu\/en\/wp-json\/wp\/v2\/pages\/2165\/revisions\/3643"}],"up":[{"embeddable":true,"href":"https:\/\/www.fbg.ub.edu\/en\/wp-json\/wp\/v2\/pages\/1468"}],"wp:featuredmedia":[{"embeddable":true,"href":"https:\/\/www.fbg.ub.edu\/en\/wp-json\/wp\/v2\/media\/3640"}],"wp:attachment":[{"href":"https:\/\/www.fbg.ub.edu\/en\/wp-json\/wp\/v2\/media?parent=2165"}],"curies":[{"name":"wp","href":"https:\/\/api.w.org\/{rel}","templated":true}]}}