{"id":2159,"date":"2017-09-15T19:04:12","date_gmt":"2017-09-15T18:04:12","guid":{"rendered":"http:\/\/161.116.26.48\/researchers\/research-groups-of-the-ub\/estadistica-clinica-biodiversitat\/"},"modified":"2017-11-22T08:45:41","modified_gmt":"2017-11-22T07:45:41","slug":"estadistica-clinica-biodiversitat","status":"publish","type":"page","link":"https:\/\/www.fbg.ub.edu\/en\/researchers\/research-groups-of-the-ub\/estadistica-clinica-biodiversitat\/","title":{"rendered":"Estad\u00edstica cl\u00ednica i de la biodiversitat"},"content":{"rendered":"<h3>Presentaci\u00f3<\/h3>\n<p>El grup de recerca en Estad\u00edstica Cl\u00ednica i de la Biodiversitat forma part del Departament d\u2019Estad\u00edstica de la Facultat de Biologia de la Universitat de Barcelona, centra la seva recerca en aplicar m\u00e8todes d\u2019estad\u00edstica computacional i estad\u00edstica bayesiana a sistemes biol\u00f2gics, amb especial \u00e8mfasi en dades cl\u00edniques i de biodiversitat. Col\u00b7laboren sovint en l\u2019an\u00e0lisi de dades de grans experiments duts a terme per empreses, extraient aix\u00ed molta m\u00e9s informaci\u00f3 de gran utilitat.<\/p>\n<h3>QU\u00c8 FEM<\/h3>\n<h4>Serveis<\/h4>\n<ul>\n<li>An\u00e0lisi estad\u00edstic d\u2019assajos cl\u00ednics i epidemiol\u00f2gics.<\/li>\n<li>Desenvolupament de <em>software <\/em>i programari estad\u00edstic.<\/li>\n<li>An\u00e0lisi estad\u00edstic bayesi\u00e0 amb m\u00e8todes <em>Markov Chain Montecarlo.<\/em><\/li>\n<li>An\u00e0lisi quantitatiu multivariant de la biodiversitat i de sistemes biol\u00f2gics complexos.<\/li>\n<\/ul>\n<h3>PER A QUI TREBALLEM<\/h3>\n<h4>Sectors industrial<\/h4>\n<p>L\u2019an\u00e0lisi estad\u00edstic de grans volums de dades biol\u00f2giques \u00e9s de gran inter\u00e8s per a les ind\u00fastries farmac\u00e8utica, nutricional, aliment\u00e0ria, qu\u00edmica i mediambiental, aix\u00ed com per a centres de recerca i administracions p\u00fabliques.<\/p>\n<p><strong>Clients<\/strong><\/p>\n<p>Ipsen;\u00a0 \u00a0Nutrisan; \u00a0Nestl\u00e9;\u00a0\u00a0 Grubit; Govern de Arag\u00f3; \u00a0Vegenat; \u00a0Onmedresc; Tragsatec; Hospital Sant Joan de D\u00e9u.<\/p>\n<h3>RECERCA<\/h3>\n<h4>L\u00ednies de recerca<\/h4>\n<ul>\n<li>Estad\u00edstica cl\u00ednica aplicada a assajos cl\u00ednics i epidemiol\u00f2gics<\/li>\n<li>Estad\u00edstica bayesiana amb models <em>Markov Chain\u00a0<\/em><em>M<\/em><em>ontecarlo<\/em>.<\/li>\n<li>Estad\u00edstica aplicada a la geologia: modelitzaci\u00f3 geoestad\u00edstica.<\/li>\n<li>An\u00e0lisi quantitatiu de la diversitat mitjan\u00e7ant an\u00e0lisi multivariant i models de <em>Fisher<\/em>.<\/li>\n<\/ul>\n<h4>Projectes de recerca<\/h4>\n<ul>\n<li>\u00a0(2013-2020) <em>Characterize the effect that different diseases have on the abundance distribution of species in the human microbiome<\/em>. \u00a0I.P. \u00a0Antonio\u00a0 Monle\u00f3n. \u00a0Conveni \u00a0de \u00a0Col\u00b7laboraci\u00f3 amb la University of Harvard \u2013 Forsyth Institute.<\/li>\n<li>(2013-2015) <em>Adaptaci\u00f3n de la m\u00e9trica de macr\u00f3fitos IBMR a los tipos de masas de agua nacionales e informe de relaci\u00f3n de las m\u00e9tricas con las presiones<\/em>. I.P. Jaume Cambra. MAGRAMA.<\/li>\n<li>(2013-2014) \u00a0<em>Asesoramiento \u00a0estad\u00edstico \u00a0y \u00a0soporte \u00a0t\u00e9cnico \u00a0al Grupo\u00a0\u00a0 Espa\u00f1ol\u00a0 \u00a0de\u00a0 \u00a0Tumores\u00a0 \u00a0Neuroendocrinos\u00a0 \u00a0(GETNE)<\/em>.\u00a0\u00a0 I.P. Antonio Monle\u00f3n. GETNE.<\/li>\n<\/ul>\n<h3>RESULTATS<\/h3>\n<h4>Activitats de transfer\u00e8ncia<\/h4>\n<ul>\n<li>An\u00e0lisi estad\u00edstic en estudis i assajos cl\u00ednics.<\/li>\n<li>Classificaci\u00f3 de tumors NE metast\u00e0sics G1\/G2.<\/li>\n<li>Efic\u00e0cia de la glutamina en la prevenci\u00f3 de la esofagitis aguda radioindu\u00efda.<\/li>\n<li>Estudi descriptiu i identificaci\u00f3 de les icnites de la zona de Valbona (Teruel).<\/li>\n<li>Efecte d\u2019un simbi\u00f2tic en infeccions gastrointestinals de repetici\u00f3 en nens sans.<\/li>\n<li>Estudi cl\u00ednic per la visualitzaci\u00f3 de certs tumors cerebrals durant la cirurgia tumoral.<\/li>\n<li>Influ\u00e8ncia de biomarcadors de lesi\u00f3 cerebral i d\u2019inflamaci\u00f3 en el pron\u00f2stic de l\u2019hemorr\u00e0gia cerebral espont\u00e0nia en fase aguda.<\/li>\n<\/ul>\n<h4>Publicacions rellevants<\/h4>\n<ul>\n<li>Crespo C, Monle\u00f3n A, D\u00edaz W and R\u00edos M. 2014. <em>Comparative efficiency research (COMER):\u00a0<\/em><em>meta-analysis of cost-effectiveness studies<\/em>. BMC Med Res Method.<\/li>\n<li>Monle\u00f3n A, Puig C, Vall O, R\u00edos M, Chiandetti A and Garc\u00eda O. 2013. <em>Prediction of childhood asthma using conditional probability and discrete event simulation. <\/em>Int J Stat Med Res.<\/li>\n<li>Monle\u00f3n A. 2013. <em>La simulaci\u00f3n como herramienta de optimizaci\u00f3n de la investigaci\u00f3n cl\u00ednica<\/em>.<\/li>\n<\/ul>\n","protected":false},"excerpt":{"rendered":"<p>Presentaci\u00f3 El grup de recerca en Estad\u00edstica Cl\u00ednica i de la Biodiversitat forma part del Departament d\u2019Estad\u00edstica de la Facultat&#8230;<\/p>\n","protected":false},"author":1,"featured_media":3576,"parent":1468,"menu_order":0,"comment_status":"closed","ping_status":"closed","template":"page-grupsrecerca.php","meta":{"_acf_changed":false,"inline_featured_image":false,"_monsterinsights_skip_tracking":false,"_monsterinsights_sitenote_active":false,"_monsterinsights_sitenote_note":"","_monsterinsights_sitenote_category":0,"footnotes":""},"class_list":["post-2159","page","type-page","status-publish","has-post-thumbnail","hentry"],"acf":[],"_links":{"self":[{"href":"https:\/\/www.fbg.ub.edu\/en\/wp-json\/wp\/v2\/pages\/2159","targetHints":{"allow":["GET"]}}],"collection":[{"href":"https:\/\/www.fbg.ub.edu\/en\/wp-json\/wp\/v2\/pages"}],"about":[{"href":"https:\/\/www.fbg.ub.edu\/en\/wp-json\/wp\/v2\/types\/page"}],"author":[{"embeddable":true,"href":"https:\/\/www.fbg.ub.edu\/en\/wp-json\/wp\/v2\/users\/1"}],"replies":[{"embeddable":true,"href":"https:\/\/www.fbg.ub.edu\/en\/wp-json\/wp\/v2\/comments?post=2159"}],"version-history":[{"count":3,"href":"https:\/\/www.fbg.ub.edu\/en\/wp-json\/wp\/v2\/pages\/2159\/revisions"}],"predecessor-version":[{"id":3575,"href":"https:\/\/www.fbg.ub.edu\/en\/wp-json\/wp\/v2\/pages\/2159\/revisions\/3575"}],"up":[{"embeddable":true,"href":"https:\/\/www.fbg.ub.edu\/en\/wp-json\/wp\/v2\/pages\/1468"}],"wp:featuredmedia":[{"embeddable":true,"href":"https:\/\/www.fbg.ub.edu\/en\/wp-json\/wp\/v2\/media\/3576"}],"wp:attachment":[{"href":"https:\/\/www.fbg.ub.edu\/en\/wp-json\/wp\/v2\/media?parent=2159"}],"curies":[{"name":"wp","href":"https:\/\/api.w.org\/{rel}","templated":true}]}}