{"id":2149,"date":"2017-09-15T19:55:11","date_gmt":"2017-09-15T18:55:11","guid":{"rendered":"http:\/\/161.116.26.48\/researchers\/research-groups-of-the-ub\/edap-comunicacio-estudis-discurs-academic-professional-edap\/"},"modified":"2017-11-22T12:31:35","modified_gmt":"2017-11-22T11:31:35","slug":"edap-comunicacio-estudis-discurs-academic-professional-edap","status":"publish","type":"page","link":"https:\/\/www.fbg.ub.edu\/en\/researchers\/research-groups-of-the-ub\/edap-comunicacio-estudis-discurs-academic-professional-edap\/","title":{"rendered":"EDAP-COMUNICACI\u00d3 Estudis del discurs acad\u00e8mic i professional (EDAP)"},"content":{"rendered":"<h3>Presentaci\u00f3<\/h3>\n<p>Edap-Comunicaci\u00f3 \u00e9s un equip de ling\u00fcistes de la Universitat de Barcelona experts en an\u00e0lisi i optimitzaci\u00f3 del discurs acad\u00e8mic i professional. Els seus integrants pertanyen al departament de Filologia Hisp\u00e0nica i als Serveis Ling\u00fc\u00edstics en llengua catalana. L\u2019equip ha consolidat una \u00e0mplia traject\u00f2ria en recerca, transfer\u00e8ncia i doc\u00e8ncia, reconeguda internacionalment.<br \/>\nEdap-comunicaci\u00f3 t\u00e9 com a objectiu posar el seu coneixement expert al servei d\u2019organitzacions i institucions que volen millorar la seva comunicaci\u00f3 interna, amb el client o el ciutad\u00e0, i la seva imatge p\u00fablica. Es pret\u00e9n difondre bones pr\u00e0ctiques en comunicaci\u00f3, tenint en compte que l\u2019eina fonamental en la comunicaci\u00f3 humana \u00e9s el llenguatge.<\/p>\n<h3>QU\u00c8 FEM<\/h3>\n<h4>Serveis<\/h4>\n<ul>\n<li>Consultoria i correcci\u00f3 ling\u00fc\u00edstiques per a editorials i organitzacions<\/li>\n<li>Revisi\u00f3 i optimitzaci\u00f3 de documentaci\u00f3 institucional dirigida a la ciutadania<\/li>\n<li>Elaboraci\u00f3 de materials de recerca sociol\u00f2gica comunicativament efica\u00e7os<\/li>\n<li>Estudi de camp sobre la qualitat ling\u00fc\u00edsticocomunicativa del llenguatge jur\u00eddic escrit<\/li>\n<li>Assessorament en el proc\u00e9s de modernitzaci\u00f3 del llenguatge jur\u00eddic<\/li>\n<li>Formaci\u00f3 en comunicaci\u00f3 oral i en escriptura acad\u00e8mica i professional<\/li>\n<\/ul>\n<h4>Capacitats<\/h4>\n<p><strong>Consultoria<\/strong> sobre l\u2019efic\u00e0cia comunicativa dels discursos organitzacionals o institucionals<\/p>\n<ul>\n<li>Valoraci\u00f3 de la qualitat ling\u00fcisticocomunicativa de textos escrits o produ\u00efts per a entorns digitals o audiovisuals. Segell de qualitat<\/li>\n<li>Valoraci\u00f3 de l\u2019efic\u00e0cia persuasiva de presentacions orals p\u00fabliques, amb suport de Power Point o de Prezi<\/li>\n<\/ul>\n<p><strong>Optimitzaci\u00f3<\/strong> de discursos en suport paper, digital o audiovisual<\/p>\n<ul>\n<li>Correcci\u00f3 i simplificaci\u00f3 de textos: llenguatge correcte, clar i planer<\/li>\n<li>Adequaci\u00f3 del discurs verbal a entorns d\u2019interacci\u00f3 text-elements tipogr\u00e0fics-imatges i infografies: optimitzaci\u00f3 de d\u00edptics, p\u00e0gines web, Power Point, Prezi, guions per a produccions audiovisuals<\/li>\n<li>Optimitzaci\u00f3 de presentacions orals<\/li>\n<li>(R)elaboraci\u00f3 de textos escrits segons necessitats comunicatives<\/li>\n<\/ul>\n<p><strong>Assessorament<\/strong><\/p>\n<ul>\n<li>Assessorament en la selecci\u00f3 dels mecanismes discursius efica\u00e7os per aconseguir objectius comunicatius<\/li>\n<li>Assessorament en la planificaci\u00f3 de presentacions orals<\/li>\n<\/ul>\n<p><strong>Formaci\u00f3<\/strong><\/p>\n<ul>\n<li>Cursos d\u2019escriptura a les organitzacions<\/li>\n<li>Cursos de desenvolupament d\u2019habilitats comunicatives orals<\/li>\n<li>Cursos d\u2019escriptura acad\u00e8mica<\/li>\n<li>Cursos d\u2019escriptura jur\u00eddica<\/li>\n<\/ul>\n<p>Cursos de correcci\u00f3 en l\u2019\u00fas del llenguatge<\/p>\n<h3>PER A QUI TREBALLEM<\/h3>\n<h4>Sectors industrials<\/h4>\n<ul>\n<li>Petites, mitjanes i grans empreses nacionals i multinacionals.<\/li>\n<li>Administracions p\u00fabliques.<\/li>\n<li>Fundacions.<\/li>\n<li>Organismes acad\u00e8mics, centres de recerca, etc.<\/li>\n<\/ul>\n<p><strong>Clients<\/strong><\/p>\n<p>D-CAS. Col\u00b7lectius d\u2019analistes socials; Editorial Libros de Cabecera; Edicions 62, Editorial Castellnou; Ministeri de Just\u00edcia; Catalunya Caixa<\/p>\n<h3>RECERCA<\/h3>\n<h4>Projectes de recerca<\/h4>\n<ul>\n<li>Patrones de diversificaci\u00f3n morfol\u00f3gica en Hom\u00ednidos: adaptaci\u00f3n, heterocron\u00eda, ambiente (CGL2006-02170\/BTE). Programa Nacional de Biodiversidad, Ciencias de la Tierra y Cambio Global. Secretar\u00eda de Estado de Universidades e Investigaci\u00f3n 2006-2010.<\/li>\n<li>17 Congreso de la\u00a0 Sociedad Espa\u00f1ola de Antropolog\u00eda F\u00edsica (CGL2011-14063\u2010E\/BOS). Programa Nacional de Proyectos de Investigaci\u00f3n Fundamental. Ministerio de Ciencia e Innovaci\u00f3n 2011.<\/li>\n<\/ul>\n<h3>RESULTATS<\/h3>\n<h4>Activitats de transfer\u00e8ncia<\/h4>\n<ul>\n<li>Tallers d\u2019escriptura acad\u00e8mica i professional<\/li>\n<li>Tallers de llengua oral<\/li>\n<li>Informe de recomanacions per a una escriptura jur\u00eddica clara<\/li>\n<li>Manual d\u2019escriptura acad\u00e8mica i professional<\/li>\n<\/ul>\n<h4>Publicacions rellevants<\/h4>\n<ul>\n<li>Garc\u00eda,\u2005M.\u2005\u00c1. (2013): \u00abEl lenguaje jur\u00eddico escrito en una perspectiva textual y oracional: patolog\u00edas, buenas pr\u00e1cticas y versiones alternativas\u00bb, <em>Revista Linha d&#8217;agua,<\/em> n\u00fam. 26 (2) p. 19-49.<\/li>\n<li>Montol\u00edo, E. (coord.) (2009): \u00abLing\u00fc\u00edstica i comunicaci\u00f3 a les organitzacions\u00bb, monogr\u00e0fic de <em>Llengua, Societat i Comunicaci\u00f3<\/em>, num. 6. [http:\/\/www.ub.edu\/cusc\/LSC\/lsc_actual.htm]<\/li>\n<li>Montol\u00edo, E. (dir.); GARC\u00cdA ASENSIO, M. \u00c1.; GRAS, P.; L\u00d3PEZ SAMANIEGO, A.; POLANCO,F.; TARANILLA, R.; Y\u00daFERA, I. (2011): Estudi de camp: <em>El lenguaje jur\u00eddico escrito espa\u00f1ol<\/em>. Ministeri de Just\u00edcia, [en l\u00ednia].<\/li>\n<li>Montol\u00edo, E., (ed.) (2012): <em>Hacia la modernizaci\u00f3n del discurso jur\u00eddico<\/em>. Barcelona: Publicacions i Edicions de la Universitat de Barcelona.<\/li>\n<li>Montol\u00edo, E. (coord.): <em>Manual pr\u00e1ctico de escritura acad\u00e9mica y profesional<\/em>. Barcelona: Ariel, (en premsa).<\/li>\n<li>Montol\u00edo, E. (2014) (dir.): Manual de escritura acad\u00e9mica y profesional. Barcelona: Ariel Letras. Vols. I y II.<\/li>\n<\/ul>\n","protected":false},"excerpt":{"rendered":"<p>Presentaci\u00f3 Edap-Comunicaci\u00f3 \u00e9s un equip de ling\u00fcistes de la Universitat de Barcelona experts en an\u00e0lisi i optimitzaci\u00f3 del discurs acad\u00e8mic&#8230;<\/p>\n","protected":false},"author":1,"featured_media":3471,"parent":1468,"menu_order":0,"comment_status":"closed","ping_status":"closed","template":"page-grupsrecerca.php","meta":{"_acf_changed":false,"inline_featured_image":false,"_monsterinsights_skip_tracking":false,"_monsterinsights_sitenote_active":false,"_monsterinsights_sitenote_note":"","_monsterinsights_sitenote_category":0,"footnotes":""},"class_list":["post-2149","page","type-page","status-publish","has-post-thumbnail","hentry"],"acf":[],"_links":{"self":[{"href":"https:\/\/www.fbg.ub.edu\/en\/wp-json\/wp\/v2\/pages\/2149","targetHints":{"allow":["GET"]}}],"collection":[{"href":"https:\/\/www.fbg.ub.edu\/en\/wp-json\/wp\/v2\/pages"}],"about":[{"href":"https:\/\/www.fbg.ub.edu\/en\/wp-json\/wp\/v2\/types\/page"}],"author":[{"embeddable":true,"href":"https:\/\/www.fbg.ub.edu\/en\/wp-json\/wp\/v2\/users\/1"}],"replies":[{"embeddable":true,"href":"https:\/\/www.fbg.ub.edu\/en\/wp-json\/wp\/v2\/comments?post=2149"}],"version-history":[{"count":3,"href":"https:\/\/www.fbg.ub.edu\/en\/wp-json\/wp\/v2\/pages\/2149\/revisions"}],"predecessor-version":[{"id":3475,"href":"https:\/\/www.fbg.ub.edu\/en\/wp-json\/wp\/v2\/pages\/2149\/revisions\/3475"}],"up":[{"embeddable":true,"href":"https:\/\/www.fbg.ub.edu\/en\/wp-json\/wp\/v2\/pages\/1468"}],"wp:featuredmedia":[{"embeddable":true,"href":"https:\/\/www.fbg.ub.edu\/en\/wp-json\/wp\/v2\/media\/3471"}],"wp:attachment":[{"href":"https:\/\/www.fbg.ub.edu\/en\/wp-json\/wp\/v2\/media?parent=2149"}],"curies":[{"name":"wp","href":"https:\/\/api.w.org\/{rel}","templated":true}]}}