{"id":2143,"date":"2017-09-15T19:09:18","date_gmt":"2017-09-15T18:09:18","guid":{"rendered":"http:\/\/161.116.26.48\/researchers\/research-groups-of-the-ub\/design-and-development-of-therapeutic-peptides\/"},"modified":"2021-11-18T10:17:48","modified_gmt":"2021-11-18T08:17:48","slug":"design-and-development-of-therapeutic-peptides","status":"publish","type":"page","link":"https:\/\/www.fbg.ub.edu\/en\/researchers\/research-groups-of-the-ub\/design-and-development-of-therapeutic-peptides\/","title":{"rendered":"Design and development of therapeutic peptides"},"content":{"rendered":"<h3>Introduction<\/h3>\n<p>Since 2003, the <strong>Group of Therapeutic Peptides<\/strong> (University of Barcelona) is involved in the research &amp; development of new peptide-based chemical entities, from the design to the preclinical proof-of-concept stages, with the long-term objective of developing them as future drugs and medicines.<\/p>\n<h3>WHAT WE DO<\/h3>\n<h3>Services<\/h3>\n<ul>\n<li>Design and synthesis of potential peptide-based therapeutic compounds.<\/li>\n<li>Purification, characterization, and structure elucidation of peptide-based compounds<\/li>\n<li>Mechanism of Action studies:\n<ul>\n<li>Fluorescence-based experiments, using covalently-labeled lipids and peptides<\/li>\n<li>Monolayers at the air\/water interface as a tool to study peptide and protein interaction with the membrane: insertion kinetics at constant pressure\/area, pressure\/area isotherms, surface potential measurement, and morphology changes determined by Brewster angle microscopy, and atomic force microscopy on solid support (Langmuir-Blodgett films).<\/li>\n<li>Preparation of liposomes (SUVs, LUVs, GUVs), characterization of size distribution by light-scattering and determination of Z-potential.<\/li>\n<li>Flow-cytometry and microscopy to identify cell damage<\/li>\n<\/ul>\n<\/li>\n<li><em>In vitro<\/em> and <em>in vivo<\/em> proof of concept of new compounds (NCE) through integrated and multidisciplinary collaboration with other research groups within the University of Barcelona.<\/li>\n<\/ul>\n<h3>FOR WHOM WE WORK<\/h3>\n<h3><strong>Industry Sectors<\/strong><\/h3>\n<p>Research on the design and development of therapeutic peptides is of high interest for the Pharmaceutical &amp; Drug, Cosmetic, Chemical, and Biotechnology industries.<\/p>\n<h3>RESULTS<\/h3>\n<h3>Transfer Activities<\/h3>\n<p><strong>Previous R+D+I contracts and consultancy services<\/strong><\/p>\n<ul>\n<li>Design and chemical synthesis of bioactive peptides and pseudopeptides (Method Pseudo).<\/li>\n<li>Development of novel peptide analogues for infectious disease applications.<\/li>\n<li>Consultancy on the substitution of formol as a fixative solution in human clinical samples.<\/li>\n<\/ul>\n<p><strong>Patents<\/strong><\/p>\n<p><strong>WO2020074405 <\/strong>&#8211; Polymyxin-based compounds useful as antibacterial agents<\/p>\n<p><strong>WO2014167160<\/strong> &#8211; Peptide compounds suitable for use as antibiotic agents.<\/p>\n<p><strong>WO2011054993<\/strong> &#8211; Peptides for the treatment of ocular hypertension and\/or glaucoma.<\/p>\n<p><strong>WO2008071594<\/strong> &#8211; Polypeptides with the capacity to entrap drugs.<\/p>\n<h3>Recent Publications<\/h3>\n<ul>\n<li>Cano, A.; Ettcheto, M.; Espina M.; L\u00f3pez-Machado, A.; Cajal, Y.; Rabanal F.; S\u00e1nchez-L\u00f3pez, E.; Camins, A.; Garc\u00eda M. L.; Souto, E. B. (2020) State-of-the-art polymeric nanoparticles as promising therapeutic tools against human bacterial infections. <em>Journal of Nanobiotechnology<\/em>, 18, 156<\/li>\n<li>Rabanal*, Y. Cajal. Recent advances and perspectives in the design and development of polymyxins (2017)<em> Natural Product Reports<\/em>, <em>34<\/em>, 886 &#8211; 908<\/li>\n<li>Rudilla, E. Fust\u00e9, <u>Y. Cajal<\/u>, F. Rabanal, T. Vinuesa, M. Vi\u00f1as (2016) Synergistic Antipseudomonal effects of synthetic peptide AMP38 and carbapenems. <em>Molecules<\/em>. 21, 122<\/li>\n<li>Rabanal*, A. Grau-Campistany, X. Vila-Farr\u00e9s, J. Gonz\u00e1lez-Linares, J. M. Borras, J. Vila, A. Manresa, Y. Cajal (2015) A bioinspired peptide scaffold with high antibiotic activity and low in vivo toxicity. <em>Scientific Reports<\/em>, 5, 10558<\/li>\n<li>Grau A., E. Strandberg, P.Wadhwani, J. Reichert, J. B\u00fcrck , F. Rabanal, A. S. Ullrich (2015) Hydrophobic mismatch demonstrated for membranolytic peptides and their use as molecular rulers to measure bilayer thickness in cells. <em>Sci. Rep. <\/em>5, 9388<\/li>\n<\/ul>\n","protected":false},"excerpt":{"rendered":"<p>Introduction Since 2003, the Group of Therapeutic Peptides (University of Barcelona) is involved in the research &amp; development of new&#8230;<\/p>\n","protected":false},"author":1,"featured_media":3914,"parent":1468,"menu_order":0,"comment_status":"closed","ping_status":"closed","template":"page-grupsrecerca.php","meta":{"_acf_changed":false,"inline_featured_image":false,"_monsterinsights_skip_tracking":false,"_monsterinsights_sitenote_active":false,"_monsterinsights_sitenote_note":"","_monsterinsights_sitenote_category":0,"footnotes":""},"class_list":["post-2143","page","type-page","status-publish","has-post-thumbnail","hentry"],"acf":[],"_links":{"self":[{"href":"https:\/\/www.fbg.ub.edu\/en\/wp-json\/wp\/v2\/pages\/2143","targetHints":{"allow":["GET"]}}],"collection":[{"href":"https:\/\/www.fbg.ub.edu\/en\/wp-json\/wp\/v2\/pages"}],"about":[{"href":"https:\/\/www.fbg.ub.edu\/en\/wp-json\/wp\/v2\/types\/page"}],"author":[{"embeddable":true,"href":"https:\/\/www.fbg.ub.edu\/en\/wp-json\/wp\/v2\/users\/1"}],"replies":[{"embeddable":true,"href":"https:\/\/www.fbg.ub.edu\/en\/wp-json\/wp\/v2\/comments?post=2143"}],"version-history":[{"count":6,"href":"https:\/\/www.fbg.ub.edu\/en\/wp-json\/wp\/v2\/pages\/2143\/revisions"}],"predecessor-version":[{"id":13121,"href":"https:\/\/www.fbg.ub.edu\/en\/wp-json\/wp\/v2\/pages\/2143\/revisions\/13121"}],"up":[{"embeddable":true,"href":"https:\/\/www.fbg.ub.edu\/en\/wp-json\/wp\/v2\/pages\/1468"}],"wp:featuredmedia":[{"embeddable":true,"href":"https:\/\/www.fbg.ub.edu\/en\/wp-json\/wp\/v2\/media\/3914"}],"wp:attachment":[{"href":"https:\/\/www.fbg.ub.edu\/en\/wp-json\/wp\/v2\/media?parent=2143"}],"curies":[{"name":"wp","href":"https:\/\/api.w.org\/{rel}","templated":true}]}}