{"id":2087,"date":"2017-09-15T20:18:15","date_gmt":"2017-09-15T19:18:15","guid":{"rendered":"http:\/\/161.116.26.48\/researchers\/ub-expertise\/optic-i-instrumentacio\/"},"modified":"2017-11-30T09:19:46","modified_gmt":"2017-11-30T08:19:46","slug":"optic-i-instrumentacio","status":"publish","type":"page","link":"https:\/\/www.fbg.ub.edu\/en\/researchers\/ub-expertise\/optic-i-instrumentacio\/","title":{"rendered":"Optics &#038; Instrumentation"},"content":{"rendered":"<h3><strong>INSTRUMENTS \u00d2PTICS, T\u00c8CNIQUES I APLICACIONS<\/strong><\/h3>\n<ul>\n<li>Desenvolupament de pinces \u00f2ptiques hologr\u00e0fiques multifocals per resoluci\u00f3 a escala nanom\u00e8trica.<\/li>\n<li>Disseny de dispositius fot\u00f2nics amb tecnologia de silici per electroluminesc\u00e8ncia i amplificaci\u00f3 \u00f2ptica.<\/li>\n<li>Disseny de sistemes de visi\u00f3 optimitzats<\/li>\n<li>Fabricaci\u00f3 i caracteritzaci\u00f3 de l\u00e0mines primes magneto\u00f2ptiques.<\/li>\n<li>Desenvolupament de biosensors \u00f2ptics ressonants mitjan\u00e7ant micro i nanotecnologies.<\/li>\n<li>Disseny de sistemes \u00f2ptics.<\/li>\n<li>Disseny de dispositius i sistemes optoelectr\u00f2nics.<\/li>\n<li>Desenvolupament de les eines num\u00e8riques per a la parametritzaci\u00f3 de l&#8217;estructura espacial i vectorial de la llum.<\/li>\n<li>Desenvolupament d\u2019eines software per a la caracteritzaci\u00f3 \u00f2ptica de materials de pel\u00b7l\u00edcula prima i de m\u00faltiples capes.<\/li>\n<li>Desenvolupament d\u2019 eines \u00f2ptiques per estudiar el comportament cel\u00b7lular i molecular en processos in vivo.<\/li>\n<li>T\u00e8cniques de confinament \u00f2ptic per dispositius fotovoltaics.<\/li>\n<li>Mesures \u00f2ptiques, electr\u00f3-\u00f2ptiques i electroqu\u00edmiques.<\/li>\n<\/ul>\n<h3><strong>SISTEMES HOLOGR\u00c0FICS<\/strong><\/h3>\n<ul>\n<li>Pinces \u00f2ptiques hologr\u00e0fiques.<\/li>\n<li>Holografia digital aplicada a la enginyeria de fronts d\u2019ona per a la construcci\u00f3 de pinces \u00f2ptiques din\u00e0miques.<\/li>\n<\/ul>\n<h3><strong>TECNOLOGIA L\u00c0SER<\/strong><\/h3>\n<ul>\n<li>Dip\u00f2sit per ablaci\u00f3 amb l\u00e0ser de recobriments d\u2019hidroxiapatita per a pr\u00f2tesis m\u00e8diques.<\/li>\n<li>Adquisici\u00f3 r\u00e0pida d&#8217;imatges de les plomes d&#8217;ablaci\u00f3 amb l\u00e0ser i an\u00e0lisi per espectrosc\u00f2pia d&#8217;emissi\u00f3 \u00f2ptica.<\/li>\n<li>Tractaments superficials amb l\u00e0ser.<\/li>\n<li>Marcatge de titani i cer\u00e0miques amb l\u00e0ser per a aplicacions decoratives<\/li>\n<li>Microfabricaci\u00f3 amb l\u00e0ser.<\/li>\n<li>Dip\u00f2sit per transfer\u00e8ncia indu\u00efda amb l\u00e0ser de biomol\u00e8cules per fer biosensors.<\/li>\n<li>Aplicaci\u00f3 del processament amb l\u00e0ser a la microflu\u00eddica. Preparaci\u00f3, mitjan\u00e7ant Dip\u00f2sit amb L\u00e0ser Pulsat (PLD), i caracteritzaci\u00f3 de capes fines d&#8217;\u00f2xids amb propietats funcionals.<\/li>\n<\/ul>\n","protected":false},"excerpt":{"rendered":"<p>INSTRUMENTS \u00d2PTICS, T\u00c8CNIQUES I APLICACIONS Desenvolupament de pinces \u00f2ptiques hologr\u00e0fiques multifocals per resoluci\u00f3 a escala nanom\u00e8trica. Disseny de dispositius fot\u00f2nics&#8230;<\/p>\n","protected":false},"author":1,"featured_media":4104,"parent":1463,"menu_order":0,"comment_status":"closed","ping_status":"closed","template":"page-expertesa.php","meta":{"_acf_changed":false,"inline_featured_image":false,"_monsterinsights_skip_tracking":false,"_monsterinsights_sitenote_active":false,"_monsterinsights_sitenote_note":"","_monsterinsights_sitenote_category":0,"footnotes":""},"class_list":["post-2087","page","type-page","status-publish","has-post-thumbnail","hentry"],"acf":[],"_links":{"self":[{"href":"https:\/\/www.fbg.ub.edu\/en\/wp-json\/wp\/v2\/pages\/2087","targetHints":{"allow":["GET"]}}],"collection":[{"href":"https:\/\/www.fbg.ub.edu\/en\/wp-json\/wp\/v2\/pages"}],"about":[{"href":"https:\/\/www.fbg.ub.edu\/en\/wp-json\/wp\/v2\/types\/page"}],"author":[{"embeddable":true,"href":"https:\/\/www.fbg.ub.edu\/en\/wp-json\/wp\/v2\/users\/1"}],"replies":[{"embeddable":true,"href":"https:\/\/www.fbg.ub.edu\/en\/wp-json\/wp\/v2\/comments?post=2087"}],"version-history":[{"count":2,"href":"https:\/\/www.fbg.ub.edu\/en\/wp-json\/wp\/v2\/pages\/2087\/revisions"}],"predecessor-version":[{"id":4287,"href":"https:\/\/www.fbg.ub.edu\/en\/wp-json\/wp\/v2\/pages\/2087\/revisions\/4287"}],"up":[{"embeddable":true,"href":"https:\/\/www.fbg.ub.edu\/en\/wp-json\/wp\/v2\/pages\/1463"}],"wp:featuredmedia":[{"embeddable":true,"href":"https:\/\/www.fbg.ub.edu\/en\/wp-json\/wp\/v2\/media\/4104"}],"wp:attachment":[{"href":"https:\/\/www.fbg.ub.edu\/en\/wp-json\/wp\/v2\/media?parent=2087"}],"curies":[{"name":"wp","href":"https:\/\/api.w.org\/{rel}","templated":true}]}}