{"id":2065,"date":"2017-09-15T20:12:40","date_gmt":"2017-09-15T19:12:40","guid":{"rendered":"http:\/\/161.116.26.48\/researchers\/ub-expertise\/cataleg-dels-grups-recerca-ub-lambit-lesport\/"},"modified":"2017-11-30T08:54:42","modified_gmt":"2017-11-30T07:54:42","slug":"cataleg-dels-grups-recerca-ub-lambit-lesport","status":"publish","type":"page","link":"https:\/\/www.fbg.ub.edu\/en\/researchers\/ub-expertise\/cataleg-dels-grups-recerca-ub-lambit-lesport\/","title":{"rendered":"Sport"},"content":{"rendered":"<div class=\"wpb-content-wrapper\"><p>[vc_row][vc_column][vc_column_text]<\/p>\n<h3>CAPACITATS DELS CENTRES I GRUPS UB EN ESPORT<\/h3>\n<p>La Universitat de Barcelona (UB) disposa de diversos Centres i Grups de Recerca que ofereixen serveis d\u2019R+D+I per a empreses i institucions en el camp de l\u2019esport.<\/p>\n<h3>TIC, SENSORS I ELECTR\u00d2NICA<\/h3>\n<ul>\n<li>Sistema d\u2019entrenament intel\u00b7ligent.<\/li>\n<li>Posici\u00f3 del cos i an\u00e0lisi del rang dels moviments per tractaments de fisioter\u00e0pia, rehabilitaci\u00f3 i gimn\u00e0s adaptat.<\/li>\n<li>T\u00e8cniques de life logging:\n<ul>\n<li>Control de l\u2019activitat quotidiana a trav\u00e9s de dispositius i aplicacions.<\/li>\n<li>Control de la salut, caracteritzar l\u2019estil de vida per intervenir en canvis m\u00e9s saludables.<\/li>\n<\/ul>\n<\/li>\n<li>An\u00e0lisi de neuroimatge:\n<ul>\n<li>An\u00e0lisi avan\u00e7at d&#8217;imatges m\u00e8diques.<\/li>\n<\/ul>\n<\/li>\n<li>Realitat virtual immersiva i tele-rob\u00f2tica.<\/li>\n<li>Sistemes m\u00faltiples de realitat virtual que inclouen la captura del moviment en temps real.<\/li>\n<li>Mesures fisiol\u00f2giques i interfases cervell-ordinador.<\/li>\n<li>Animaci\u00f3 dels cossos humans virtuals en temps real.<\/li>\n<li>Aplicacions en rehabilitaci\u00f3 f\u00edsica i psicol\u00f2gica.<\/li>\n<li>Aplicaci\u00f3 de les micro i nanotecnologies com a tecnologies de suport en el camp de les TIC.<\/li>\n<li>Disseny de dispositius i sistemes en els camps de la radiofreq\u00fc\u00e8ncia, l\u2019optoelectr\u00f2nica i la fot\u00f2nica.<\/li>\n<\/ul>\n<p>[\/vc_column_text][\/vc_column][\/vc_row][vc_row el_class=&#8221;caspractic&#8221;][vc_column][vc_column_text el_class=&#8221;text15&#8243;]<strong>Cas pr\u00e0ctic: Sistema intel\u00b7ligent per detectar, analitzar i ajudar a canviar els h\u00e0bits personals<\/strong><\/p>\n<p><strong>Investigador principal:<\/strong> Dr. Petia Ivanova Radeva, Jordi Vitri\u00e0, Laura Igual, Maedeh Aghaei de la Facultat de Matem\u00e0tiques, i la Dra. Maite Garolera, psic\u00f2loga intervencionista del Consorci Sanitari de Terrassa.<\/p>\n<p>L\u2019activitat f\u00edsica i la mala alimentaci\u00f3 s\u00f3n factors de risc importants per als trastorns metab\u00f2lics i les principals causes de la mortalitat prematura. \u2028Des del grup de recerca Barcelona Perceptual Computing Lab de la Facultat de Matem\u00e0tiques de la UB, juntament amb el Grup de Recerca Cervell, Conducta i Cognici\u00f3 del Consorci Sanitari de Terrassa, estan dissenyant, desenvolupant i validant un sistema intel\u00b7ligent per a l&#8217;adquisici\u00f3 i l\u2019anotaci\u00f3 de la informaci\u00f3 personalitzada d\u2019un individu per tal d&#8217;adoptar un estil de vida saludable. La tecnologia que fan servir \u00e9s una c\u00e0mera sense fils i visi\u00f3 artificial avan\u00e7ada. Aquest sistema permet rastrejar i quantificar el comportament de la persona durant llargs per\u00edodes de la seva vida quotidiana.<\/p>\n<p>Gr\u00e0cies a l&#8217;an\u00e0lisi de les dades completes d&#8217;estil de vida de les persones, els professionals cl\u00ednics seran capa\u00e7os d&#8217;elaborar guies personalitzades per a millorar l&#8217;estat de salut de les persones.[\/vc_column_text][\/vc_column][\/vc_row][vc_row][vc_column][vc_column_text]<\/p>\n<h3>ENTORN SOCIAL, ECON\u00d2MIC I M\u00c0RQUETING<\/h3>\n<p>Presa de decisions en l\u2019esport (Fuzzy logic).<br \/>\nAssessorament a entitats esportives a emprendre accions en m\u00e0rqueting segons els seus interessos.[\/vc_column_text][\/vc_column][\/vc_row][vc_row el_class=&#8221;caspractic&#8221;][vc_column][vc_column_text el_class=&#8221;text15&#8243;]<strong>Cas pr\u00e0ctic: Com seleccionar amb \u00e8xit un esportista \u2028<\/strong><\/p>\n<p><strong>Investigador principal:<\/strong> Jaime Gil Lafuente, Departament d\u2019Economia i Organitzaci\u00f3 d\u2019Empreses, Facultat d\u2019Economia i Empresa.<\/p>\n<p>En l\u2019actualitat, fer la selecci\u00f3 d\u2019un equip esportiu no sempre \u00e9s f\u00e0cil i en molts casos comporta grans despeses econ\u00f2miques i per diversos motius, els esportistes no sempre rendeixen com s\u2019esperava. El grup de recerca Risc en finances i assegurances de la Facultat d\u2019Economia i Empreses de la UB tracta de solucionar-ho donant solucions als clubs per tal d\u2019encertar en el fitxatge d\u2019esportistes.<br \/>\nLa l\u00ednia de recerca del grup se centra en la presa de decisions mitjan\u00e7ant la matem\u00e0tica derivada de les l\u00f2giques multivalents el que els hi permet trobar la manera per minimitzar la possibilitat d\u2019errades en la contractaci\u00f3 d\u2019esportistes.[\/vc_column_text][\/vc_column][\/vc_row][vc_row][vc_column][vc_column_text]<\/p>\n<h3>SALUT<\/h3>\n<ul>\n<li>Fisiologia de l\u2019exercici a gran altitud.<\/li>\n<li>Capil\u00b7laritzaci\u00f3, morfometria i caracteritzaci\u00f3 metab\u00f2lica de fibres musculars.<\/li>\n<li>Respostes adaptatives a l\u2019exposici\u00f3 intermitent a hip\u00f2xia hipob\u00e0rica.<\/li>\n<li>Relaci\u00f3 entre la gen\u00e8tica i aptituds en l\u2019esport.<\/li>\n<\/ul>\n<p>[\/vc_column_text][\/vc_column][\/vc_row][vc_row el_class=&#8221;caspractic&#8221;][vc_column][vc_column_text el_class=&#8221;text15&#8243;]<strong>Cas pr\u00e0ctic: Solucions al mal d\u2019altura<\/strong><\/p>\n<p><strong>\u2028Investigador principal:<\/strong> Gin\u00e9s Viscor, Departament de Fisiologia i Immunologia de la Facultat de Biologia.<\/p>\n<p>Un dels problemes amb el que es troben els esportistes d\u2019elit \u00e9s que en moltes ocasions han de competir en altitud provocant-los desconfian\u00e7a del seu rendiment en aquestes condicions.<br \/>\nEl grup de recerca Fisiologia Adaptativa: Exercici i Hip\u00f2xia del Departament de Fisiologia i Immunologia de la Facultat de Biologia de la UB ha trobat una soluci\u00f3: un programa d\u2019exposici\u00f3 intermitent a altitud simulada en la c\u00e0mera hipob\u00e0rica per millorar la seva aclimataci\u00f3 a l\u2019altura geogr\u00e0fica a la vegada que provoca respostes fisiol\u00f2giques (eritropoesi, control ventilatori, angiog\u00e8nesi) i permet una millora del rendiment f\u00edsic.[\/vc_column_text][\/vc_column][\/vc_row][vc_row][vc_column][vc_column_text]<\/p>\n<h3>NUTRICI\u00d3<\/h3>\n<ul>\n<li>Estudi dels requeriments de nutrients i energia necessaris per a fer activitat f\u00edsica.<\/li>\n<li>Control de l\u2019entrenament i l\u2019alimentaci\u00f3 per a l\u2019estudi de la contextura f\u00edsica apropiada pel tipus de competici\u00f3.<\/li>\n<li>Millora de les adaptacions i les recuperacions en sessions d\u2019entrenament, aportant tots els nutrients necessaris per aquest proc\u00e9s.<\/li>\n<\/ul>\n<p>[\/vc_column_text][\/vc_column][\/vc_row][vc_row el_class=&#8221;caspractic&#8221;][vc_column][vc_column_text el_class=&#8221;text15&#8243;]<strong>Cas pr\u00e0ctic: Dieta equilibrada per als esportistes\u2028<\/strong><\/p>\n<p><strong>Investigador principal:<\/strong> Andreu Farran-Codina, Departament de Nutrici\u00f3 i Bromatologia, Facultat de Farm\u00e0cia.<\/p>\n<p>Els esportistes d\u2019alt rendiment pateixen una marcada manca de gana despr\u00e9s d\u2019un entrenament intens o b\u00e9 d\u2019una competici\u00f3. No obstant, \u00e9s justament despr\u00e9s d\u2019aquests esfor\u00e7os intensos quan conv\u00e9 que ingereixin aliments per tal de recuperar glicogen muscular i estimular la s\u00edntesi de prote\u00efnes. \u00a0\u2028Des del Grup de Recerca en Activitat F\u00edsica i Salut (GRAFIS) de la Universitat de Barcelona han elaborat propostes de receptes d\u2019alta densitat nutricional i organol\u00e8pticament atractives. \u2028Despr\u00e9s d\u2019una s\u00e8rie de proves pilot, es van elaborar un seguit de receptes que estan sent utilitzades amb \u00e8xit per la cuina \u00a0d\u2019un club esportiu.[\/vc_column_text][\/vc_column][\/vc_row][vc_row][vc_column][vc_column_text]<\/p>\n<h3>DID\u00c0CTICA DE L\u2019ESPORT<\/h3>\n<ul>\n<li>Propostes d\u2019innovaci\u00f3 a organismes esportius per a col\u00b7lectius amb diversitat funcional.<\/li>\n<li>Projectes de formaci\u00f3 i innovaci\u00f3 en activitats f\u00edsiques.<\/li>\n<li>Assessorament en l\u2019esport inclusiu.<\/li>\n<li>Desenvolupament de materials per una activitat f\u00edsica m\u00e9s educativa.<\/li>\n<\/ul>\n<p>[\/vc_column_text][\/vc_column][\/vc_row][vc_row][vc_column][vc_column_text]<\/p>\n<h3>MATERIAL<\/h3>\n<ul>\n<li>Disseny i caracteritzaci\u00f3 de materials met\u00e0l\u00b7lics, polim\u00e8rics, cer\u00e0mics&#8230;<\/li>\n<li>Investigaci\u00f3 de nous materials superconductors d\u2019altes temperatures cr\u00edtiques.<\/li>\n<li>Reciclatge, revaloritzaci\u00f3 de subproductes, inertitzaci\u00f3 de residus; assessorament en reducci\u00f3 de l\u2019impacte ambiental de residus; disseny de nous processos de reciclatge de subproductes.<\/li>\n<\/ul>\n<p>[\/vc_column_text][\/vc_column][\/vc_row]<\/p>\n<\/div>","protected":false},"excerpt":{"rendered":"<p>[vc_row][vc_column][vc_column_text] CAPACITATS DELS CENTRES I GRUPS UB EN ESPORT La Universitat de Barcelona (UB) disposa de diversos Centres i Grups&#8230;<\/p>\n","protected":false},"author":1,"featured_media":2066,"parent":1463,"menu_order":0,"comment_status":"closed","ping_status":"closed","template":"page-expertesa.php","meta":{"_acf_changed":false,"inline_featured_image":false,"_monsterinsights_skip_tracking":false,"_monsterinsights_sitenote_active":false,"_monsterinsights_sitenote_note":"","_monsterinsights_sitenote_category":0,"footnotes":""},"class_list":["post-2065","page","type-page","status-publish","has-post-thumbnail","hentry"],"acf":[],"_links":{"self":[{"href":"https:\/\/www.fbg.ub.edu\/en\/wp-json\/wp\/v2\/pages\/2065","targetHints":{"allow":["GET"]}}],"collection":[{"href":"https:\/\/www.fbg.ub.edu\/en\/wp-json\/wp\/v2\/pages"}],"about":[{"href":"https:\/\/www.fbg.ub.edu\/en\/wp-json\/wp\/v2\/types\/page"}],"author":[{"embeddable":true,"href":"https:\/\/www.fbg.ub.edu\/en\/wp-json\/wp\/v2\/users\/1"}],"replies":[{"embeddable":true,"href":"https:\/\/www.fbg.ub.edu\/en\/wp-json\/wp\/v2\/comments?post=2065"}],"version-history":[{"count":3,"href":"https:\/\/www.fbg.ub.edu\/en\/wp-json\/wp\/v2\/pages\/2065\/revisions"}],"predecessor-version":[{"id":4266,"href":"https:\/\/www.fbg.ub.edu\/en\/wp-json\/wp\/v2\/pages\/2065\/revisions\/4266"}],"up":[{"embeddable":true,"href":"https:\/\/www.fbg.ub.edu\/en\/wp-json\/wp\/v2\/pages\/1463"}],"wp:featuredmedia":[{"embeddable":true,"href":"https:\/\/www.fbg.ub.edu\/en\/wp-json\/wp\/v2\/media\/2066"}],"wp:attachment":[{"href":"https:\/\/www.fbg.ub.edu\/en\/wp-json\/wp\/v2\/media?parent=2065"}],"curies":[{"name":"wp","href":"https:\/\/api.w.org\/{rel}","templated":true}]}}