{"id":1734,"date":"2017-09-18T06:17:09","date_gmt":"2017-09-18T05:17:09","guid":{"rendered":"http:\/\/161.116.26.48\/researchers\/tecnio-groups\/cemic-centre-denginyeria-microsistemes-instrumentacio-control\/"},"modified":"2022-10-04T10:35:03","modified_gmt":"2022-10-04T08:35:03","slug":"cemic-centre-denginyeria-microsistemes-instrumentacio-control","status":"publish","type":"page","link":"https:\/\/www.fbg.ub.edu\/en\/researchers\/tecnio-groups\/cemic-centre-denginyeria-microsistemes-instrumentacio-control\/","title":{"rendered":"CEMIC &#8211; Microsystems Engineering Center for Instrumentation and Control"},"content":{"rendered":"<p>El CEMIC \u00e9s un centre de recerca i transfer\u00e8ncia de tecnologia en enginyeria electr\u00f2nica i tecnologies de la informaci\u00f3. Focalitza la seva activitat en el camp de l\u2019enginyeria de microsistemes, circuits, dispositius, sensors i actuadors. Aquest \u00e9s un camp de recerca aplicat interdisciplinari que combina materials, tecnologies, estructures, dispositius i algoritmes per obtenir nous subsistemes amb m\u00e9s funcionalitats incorporades, obtenint nous transductors i sensors integrats per a sistemes de control i instrumentaci\u00f3.<\/p>\n<h3>OFERTA TECNOL\u00d2GICA<\/h3>\n<ul>\n<li>Recerca sota comanda i Projectes Nacionals i Internacionals d&#8217;R+D+I en el camp de l&#8217;Enginyeria Electr\u00f2nica i les TIC.<\/li>\n<li>Pre-industrialitzaci\u00f3 de la recerca mitjan\u00e7ant els recursos humans i t\u00e8cnics del 12 Laboratoris i 1 Unitat de Prototips.<\/li>\n<li>Serveis de vigil\u00e0ncia tecnol\u00f2gica, valoritzaci\u00f3 de coneixement i tecnologies i assessorament cientificotecnol\u00f2gic i d&#8217;innovaci\u00f3.<\/li>\n<\/ul>\n<h3>L\u00cdNIES DE RECERCA<\/h3>\n<ul>\n<li>Modelitzaci\u00f3 de components i blocs funcionals per aplicacions electr\u00f2niques, RF i RFID<\/li>\n<li>Desenvolupament de sensors i biosensors<\/li>\n<li>Desenvolupament de biotecnologia, sistemes bio-electr\u00f2nics , sensors\u202fin-vivo<\/li>\n<li>Disseny de sistemes i circuits d\u2019instrumentaci\u00f3 i microsistemes basats en la integraci\u00f3 de sensors i actuadors electr\u00f2nics i\/o optoelectr\u00f2nics amb circuits de control i processat del senyal<\/li>\n<li>Disseny d\u2019ASICS<\/li>\n<li>Sistemes de sensat intel\u00b7ligent, DSS, AI,\u202fAuI<\/li>\n<li>Caracteritzaci\u00f3 de materials i dispositius avan\u00e7ats<\/li>\n<li>Sistemes de comunicacions, xarxes de sensors, IOT<\/li>\n<li>Desenvolupament de firmware i software per aplicacions espec\u00edfiques<\/li>\n<\/ul>\n<h3>PROJECTES DE RECERCA<\/h3>\n<ul>\n<li>2021 &#8211; 2022. \u00a0\u00a0A user-friendly approach to widespread gas monitoring (Stick-n-Sense).\u00a0H2020, ERC,\u00a0Ref.:\u00a0957527.\u00a0\u00a0IP:\u00a0J. Daniel Prades<\/li>\n<li>2021 &#8211; 2023. \u00a0\u00a0Nanosensors for simultaneous electrical and optical monitoring of climate change gases (NEOGAS).\u00a0\u00a0H2020, MCA.\u00a0\u00a0Ref.:\u00a0101030015.\u00a0\u00a0IP:\u00a0A. Romano.<\/li>\n<li>2021 &#8211; 2024. \u00a0\u00a0Sensor Array toward selective tuning and low-powered microsensors for environmental monitoring.\u00a0\u00a0AGAUR.\u00a0\u00a0Ref.:\u00a02019 BP 00013.\u00a0\u00a0IP: A. Roman; N Jitendrabbai<\/li>\n<li>2021 &#8211; 2025. \u00a0\u00a0Continuous two-dimensional Stretch monitoring of fresh tissue Biopsies (StretchBio).\u00a0\u00a0H2020, FET,\u00a0Ref.:\u00a0964808.\u00a0\u00a0IP:\u00a0A. Romano<\/li>\n<li>2020 &#8211; 2021. \u00a0\u00a0Sistema de monitoritzaci\u00f3 i detecci\u00f3 in-situ i en temps real d&#8217;elements contaminants en ambients marins (Sea_RealSense). AGAUR,\u00a0Ref.:\u00a02019 LLAV 00069.\u00a0\u00a0IP:\u00a0M. Lopez de Miguel<\/li>\n<li>2020 &#8211; 2022. \u00a0\u00a0Nuevas metodolog\u00edas \u00f3pticas para la monitorizaci\u00f3n avanzada de procesos CIGS industriales de alta eficiencia.\u00a0\u00a0MINECO.\u00a0\u00a0Ref.:\u00a0PCI2019-111827-2.\u00a0\u00a0IP:\u00a0S. Estrade<\/li>\n<li>2020 &#8211; 2022. \u00a0\u00a0Scalable Structured Micro Illumination Light Engines (SMILE).\u00a0H2020, FET. Ref.:\u00a0952135.\u00a0\u00a0IP:\u00a0J. Daniel Prades; A. Dieguez<\/li>\n<li>2020 &#8211; 2023. \u00a0\u00a0Desarrollo de nanosensores de gas para medidas simult\u00e1neas el\u00e9ctricas y \u00f3pticas.\u00a0\u00a0MINECO\u00a0Ref.:\u00a0PID2019-107697RB-C41.\u00a0\u00a0IP:\u00a0A. Romano; M. Moreno<\/li>\n<li>2020 &#8211; 2024. \u00a0\u00a0Fully Oxide-based Zero-Emission and Portable Energy Supply (FOXES).\u00a0H2020, FET\u00a0Ref.:\u00a0951774. \u00a0IP:\u00a0J. Daniel Prades<\/li>\n<li>2019 &#8211; 2021. \u00a0\u00a0Disseny d&#8217;un sistema de digitalitzaci\u00f3 i tra\u00e7abilitat pel sector alimentari (Selfytest 2.0) INNOTECRD19-1-0002.\u00a0\u00a0ACCI\u00d3 Ref.:\u00a0INNOTECRD19-1-0002.\u00a0\u00a0IP:\u00a0C. Fabrega<\/li>\n<\/ul>\n<h3>PUBLICACIONS<\/h3>\n<ul>\n<li>Andris Sutka, Raivis Eglitis, Annija Kuzma, Krisjanis Smits, Anzelms Zukuls, Joan Daniel Prades, and Cristian F\u00e0brega\u00a0(2021).\u00a0 Photodoping-Inspired Room-Temperature Gas Sensing by Anatase TiO2 Quantum Dots.\u00a0ACS Applied Nano Materials,\u00a04(3), \u00a02522-2527.\u00a0 \u00a0ISSN: 2574-0970<\/li>\n<li>Dom\u00e8nech-Gil, G.; Gr\u00e0cia, I.; Can\u00e9, C.; Romano-Rodr\u00edguez, A.\u00a0(2021).\u00a0 Nitrogen dioxide selective sensor for humid environments based on octahedral indium oxide.\u00a0Frontiers in Sensors,\u00a02, \u00a0672516.\u00a0\u00a0<a href=\"https:\/\/www.frontiersin.org\/articles\/10.3389\/fsens.2021.672516\">Publicaci\u00f3 online<\/a>(https:\/\/www.frontiersin.org\/articles\/10.3389\/fsens.2021.672516)\u00a0ISSN: 2673-5067<\/li>\n<li>Engel, L.; Benito-Altamirano, B.; Tarantik, K.R.; Pannek, C.; Dold, M.; Prades, J.D.; W\u00f6llenstein, J.\u00a0(2021).\u00a0 Printed sensor labels for colorimetric detection of ammonia, formaldehyde and hydrogen sulfide from the ambient air.\u00a0Chemical,\u00a0330, \u00a0129281.\u00a0\u00a0<a href=\"https:\/\/doi.org\/10.1016\/j.snb.2020.129281\">https:\/\/doi.org\/10.1016\/j.snb.2020.129281<\/a>ISSN: 0925-4005<\/li>\n<li>Frieiro, J. L.; L\u00f3pez-Vidrier, J.; Bl\u00e1zquez, O.; Ib\u00e1\u00f1ez, J.; Yaz\u0131c\u0131o\u011flu, D.; Gutsch, S.; Zacharias, M.; Garrido, B.; Hernandez, S.\u00a0(2021).\u00a0 Electroforming of Si NCs\/p-Si photovoltaic devices: Enhancement of the conversion efficiency through resistive switching.\u00a0Solar Energy Materials and Solar Cells,\u00a0230, \u00a0111252.\u00a0 \u00a0ISSN: 0927-0248<\/li>\n<li>Gonz\u00e1lez-Flores, K.E.; Frieiro, J.L.; Horley, P.; P\u00e9rez-Garc\u00eda, S.A.; Palacios-Huerta, L.; Moreno, M.; L\u00f3pez-Vidrier, J.; Hern\u00e1ndez, S.; Garrido, B.; Morales-S\u00e1nchez, A.\u00a0(2021).\u00a0 Ultraviolet, visible and near infrared photoresponse of SiO2\/Si\/SiO2 multilayer system into a MOS capacitor.\u00a0Materials Science in Semiconductor Processing,\u00a0134, \u00a0106009.\u00a0 \u00a0ISSN: 1369-8001<\/li>\n<li>Guillaume, C.; Frieiro, J.L.; Bl\u00e1zquez, O.; Labb\u00e9, C.; L\u00f3pez-Vidrier, J.; Garrido, B.; Hern\u00e1ndez, S.; Liu, B.; Khomenkova, L.; Frilay, C.; Lemari\u00e9, F.; Leroux, C.; Portier, X.\u00a0(2021).\u00a0 Influence of post annealing treatments on the luminescence of rare earth ions in ZnO:Tb,Eu\/Si heterojunction.\u00a0Applied Surface Science,\u00a0556, \u00a0149754.\u00a0 \u00a0ISSN: 0169-4332<\/li>\n<li>Ib\u00e1\u00f1ez, J.; W\u00f3zniak, T.; Oliva, R.; Popescu, C.; Hern\u00e1ndez, S.; L\u00f3pez-Vidrier, J.\u00a0(2021).\u00a0 Structural and high-pressure properties of rheniite (ReS2) and (Re,Mo)S2.\u00a0Minerals,\u00a011(2).\u00a0 \u00a0ISSN: 2075-163X<\/li>\n<li>Lopez-Aymerich, E; Domenech-Gil, G.; Moreno, M.; Pellegrino, P.; Romano-Rodriguez, A.\u00a0(2021).\u00a0 Fabrication, characterization and performance of low power gas sensors based on (GaxIn1-x)(2)O3 nanowires.\u00a0Sensors,\u00a021(10), \u00a03342-1-3342-15.\u00a0\u00a0<a href=\"https:\/\/www.mdpi.com\/1424-8220\/21\/10\/3342\">Publicaci\u00f3 d&#8217;access lliure\u00a0<\/a>(https:\/\/www.mdpi.com\/1424-8220\/21\/10\/3342)\u00a0ISSN: 1424-8220<\/li>\n<li>L\u00f3pez-Conesa, L.; Mart\u00ednez-Boubeta, C.; Serantes, D.; Estrad\u00e9, S.; Peir\u00f3, F.\u00a0(2021).\u00a0 Mapping the magnetic coupling of self-assembled Fe3O4\u00a0nanocubes by electron holography.\u00a0Materials,\u00a014(4), \u00a0774.\u00a0 \u00a0ISSN: 1996-1944<\/li>\n<li>Manel L\u00f3pez; Juan Luis Frieiro; Miquel Nuez-Mart\u00ednez; Mart\u00ed Pedemonte; Francisco Palacio; Francesc Teixidor.\u00a0 2020.\u00a0 Nanostructure ITO and get more of it. Better performance at lower cost \u00a0 918068 &#8211; Nanomaterials.\u00a0 MDPI.\u00a0 10-1974,\u00a0 pp.1-19.\u00a0 ISSN 2079-4991.<\/li>\n<\/ul>\n<h4>CONTACTE<\/h4>\n<p>CEMIC<br \/>\nEsther Galindo<br \/>\n93 402 13 16<br \/>\n<a href=\"&#x6d;&#x61;&#x69;&#108;&#116;&#111;:e&#x73;&#x74;&#x68;&#x65;&#114;&#46;ga&#x6c;&#x69;&#x6e;&#x64;&#111;&#64;ub&#x2e;&#x65;&#x64;&#x75;\">&#x65;&#x73;&#116;he&#x72;&#x2e;&#103;&#97;l&#x69;&#x6e;&#100;&#111;&#64;&#x75;&#x62;&#x2e;&#101;du<\/a><\/p>\n<p><img loading=\"lazy\" decoding=\"async\" class=\"alignnone size-medium wp-image-4548\" src=\"http:\/\/www.fbg.ub.edu\/wp-content\/uploads\/2018\/01\/tecnio2016-380x90.png\" alt=\"\" width=\"380\" height=\"90\" srcset=\"https:\/\/www.fbg.ub.edu\/wp-content\/uploads\/2018\/01\/tecnio2016-380x90.png 380w, https:\/\/www.fbg.ub.edu\/wp-content\/uploads\/2018\/01\/tecnio2016.png 582w\" sizes=\"auto, (max-width: 380px) 100vw, 380px\" \/><\/p>\n","protected":false},"excerpt":{"rendered":"<p>El CEMIC \u00e9s un centre de recerca i transfer\u00e8ncia de tecnologia en enginyeria electr\u00f2nica i tecnologies de la informaci\u00f3. Focalitza&#8230;<\/p>\n","protected":false},"author":1,"featured_media":4868,"parent":1472,"menu_order":0,"comment_status":"closed","ping_status":"closed","template":"page-grupstecnio.php","meta":{"_acf_changed":false,"inline_featured_image":false,"_monsterinsights_skip_tracking":false,"_monsterinsights_sitenote_active":false,"_monsterinsights_sitenote_note":"","_monsterinsights_sitenote_category":0,"footnotes":""},"class_list":["post-1734","page","type-page","status-publish","has-post-thumbnail","hentry"],"acf":[],"_links":{"self":[{"href":"https:\/\/www.fbg.ub.edu\/en\/wp-json\/wp\/v2\/pages\/1734","targetHints":{"allow":["GET"]}}],"collection":[{"href":"https:\/\/www.fbg.ub.edu\/en\/wp-json\/wp\/v2\/pages"}],"about":[{"href":"https:\/\/www.fbg.ub.edu\/en\/wp-json\/wp\/v2\/types\/page"}],"author":[{"embeddable":true,"href":"https:\/\/www.fbg.ub.edu\/en\/wp-json\/wp\/v2\/users\/1"}],"replies":[{"embeddable":true,"href":"https:\/\/www.fbg.ub.edu\/en\/wp-json\/wp\/v2\/comments?post=1734"}],"version-history":[{"count":10,"href":"https:\/\/www.fbg.ub.edu\/en\/wp-json\/wp\/v2\/pages\/1734\/revisions"}],"predecessor-version":[{"id":14549,"href":"https:\/\/www.fbg.ub.edu\/en\/wp-json\/wp\/v2\/pages\/1734\/revisions\/14549"}],"up":[{"embeddable":true,"href":"https:\/\/www.fbg.ub.edu\/en\/wp-json\/wp\/v2\/pages\/1472"}],"wp:featuredmedia":[{"embeddable":true,"href":"https:\/\/www.fbg.ub.edu\/en\/wp-json\/wp\/v2\/media\/4868"}],"wp:attachment":[{"href":"https:\/\/www.fbg.ub.edu\/en\/wp-json\/wp\/v2\/media?parent=1734"}],"curies":[{"name":"wp","href":"https:\/\/api.w.org\/{rel}","templated":true}]}}