{"id":1488,"date":"2017-09-08T06:17:38","date_gmt":"2017-09-08T05:17:38","guid":{"rendered":"http:\/\/161.116.26.48\/que-fem\/fbg-en-xifres\/"},"modified":"2025-08-07T11:04:34","modified_gmt":"2025-08-07T09:04:34","slug":"the-fbg-in-figures","status":"publish","type":"page","link":"https:\/\/www.fbg.ub.edu\/en\/what-we-do\/the-fbg-in-figures\/","title":{"rendered":"The FBG in Figures"},"content":{"rendered":"<div class=\"wpb-content-wrapper\"><p>[vc_row el_class=&#8221;ampla_mobil&#8221;][vc_column width=&#8221;1\/3&#8243;][\/vc_column][vc_column width=&#8221;2\/3&#8243;][vc_column_text]At the <strong>FBG<\/strong> we facilitate university-company collaborations to increase the university&#8217;s impact on society.[\/vc_column_text][\/vc_column][\/vc_row][vc_row][vc_column][vc_custom_heading text=&#8221;2024 Results&#8221; font_container=&#8221;tag:h2|text_align:center&#8221; use_theme_fonts=&#8221;yes&#8221; css=&#8221;&#8221; el_class=&#8221;titular&#8221;][vc_row_inner css=&#8221;.vc_custom_1507799127142{padding-bottom: 100px !important;}&#8221; el_class=&#8221;ampla_mobil&#8221;][vc_column_inner width=&#8221;1\/3&#8243;][\/vc_column_inner][vc_column_inner width=&#8221;2\/3&#8243;][vc_column_text css=&#8221;&#8221;]In 2024, the collaboration between the UB and the different socio-economic agents has allowed the development of 680 projects, and resulted in \u20ac 38,22 million in revenue, 10 technology licences, and the creation of 1 spin-off.[\/vc_column_text][\/vc_column_inner][\/vc_row_inner][\/vc_column][\/vc_row][vc_row full_width=&#8221;stretch_row&#8221; el_class=&#8221;fons_gris_mig&#8221; css=&#8221;.vc_custom_1505491609019{margin-bottom: 50px !important;padding-bottom: 100px !important;}&#8221;][vc_column][vc_custom_heading text=&#8221;Contract Research&#8221; font_container=&#8221;tag:h2|text_align:center&#8221; use_theme_fonts=&#8221;yes&#8221; css=&#8221;.vc_custom_1508239288090{padding-bottom: 30px !important;}&#8221; el_class=&#8221;titular&#8221;][vc_row_inner][vc_column_inner width=&#8221;1\/3&#8243;][vc_column_text css=&#8221;&#8221;]<strong class=\"numeros\">497<\/strong><\/p>\n<p>contracted innovation projects[\/vc_column_text][\/vc_column_inner][vc_column_inner width=&#8221;1\/3&#8243;][vc_column_text css=&#8221;&#8221;]<strong class=\"numeros\">9.68 M\u20ac<\/strong><\/p>\n<p>hired in research projects with companies and administrations[\/vc_column_text][\/vc_column_inner][vc_column_inner width=&#8221;1\/3&#8243;][vc_column_text css=&#8221;&#8221;]<strong class=\"numeros\">11<\/strong><\/p>\n<p>clusters and communities in which the UB participates[\/vc_column_text][\/vc_column_inner][\/vc_row_inner][\/vc_column][\/vc_row][vc_row full_width=&#8221;stretch_row&#8221; el_class=&#8221;fons_gris_fosc&#8221; css=&#8221;.vc_custom_1505491375570{margin-bottom: 50px !important;padding-bottom: 100px !important;}&#8221;][vc_column][vc_custom_heading text=&#8221;Technologies, materials, and licences&#8221; font_container=&#8221;tag:h2|text_align:center&#8221; use_theme_fonts=&#8221;yes&#8221; css=&#8221;.vc_custom_1508239324045{padding-bottom: 30px !important;}&#8221; el_class=&#8221;titular blanc&#8221;][vc_row_inner][vc_column_inner width=&#8221;1\/3&#8243;][vc_column_text css=&#8221;&#8221;]<strong class=\"numeros\">140<\/strong><\/p>\n<p>patents to transfer[\/vc_column_text][\/vc_column_inner][vc_column_inner width=&#8221;1\/3&#8243;][vc_column_text css=&#8221;&#8221;]<strong class=\"numeros\">165<\/strong><\/p>\n<p>patent applications[\/vc_column_text][\/vc_column_inner][vc_column_inner width=&#8221;1\/3&#8243;][vc_column_text css=&#8221;&#8221;]<strong class=\"numeros\">10<\/strong><\/p>\n<p>licencing contracts signed[\/vc_column_text][\/vc_column_inner][\/vc_row_inner][\/vc_column][\/vc_row][vc_row full_width=&#8221;stretch_row&#8221; el_class=&#8221;fons_taronja&#8221; css=&#8221;.vc_custom_1505491737037{margin-bottom: 50px !important;padding-bottom: 100px !important;}&#8221;][vc_column][vc_custom_heading text=&#8221;Business Creation&#8221; font_container=&#8221;tag:h2|text_align:center&#8221; use_theme_fonts=&#8221;yes&#8221; css=&#8221;.vc_custom_1508239360574{padding-bottom: 30px !important;}&#8221; el_class=&#8221;titular blanc&#8221;][vc_row_inner][vc_column_inner width=&#8221;1\/3&#8243;][vc_column_text css=&#8221;&#8221;]<strong class=\"numeros\">23<\/strong><\/p>\n<p>participated spin-offs[\/vc_column_text][\/vc_column_inner][vc_column_inner width=&#8221;1\/3&#8243;][vc_column_text css=&#8221;&#8221;]<strong class=\"numeros\">1<\/strong><\/p>\n<p>spin-off created[\/vc_column_text][\/vc_column_inner][vc_column_inner width=&#8221;1\/3&#8243;][vc_column_text css=&#8221;&#8221;]<strong class=\"numeros\">24<\/strong><\/p>\n<p>entrepreneurial projects advised[\/vc_column_text][\/vc_column_inner][\/vc_row_inner][\/vc_column][\/vc_row][vc_row full_width=&#8221;stretch_row&#8221; el_class=&#8221;fons_gris&#8221; css=&#8221;.vc_custom_1505491477508{margin-bottom: 50px !important;padding-bottom: 100px !important;}&#8221;][vc_column][vc_custom_heading text=&#8221;Grants and Management Support&#8221; font_container=&#8221;tag:h2|text_align:center&#8221; use_theme_fonts=&#8221;yes&#8221; css=&#8221;.vc_custom_1508239399233{padding-bottom: 30px !important;}&#8221; el_class=&#8221;titular&#8221;][vc_row_inner][vc_column_inner width=&#8221;1\/3&#8243;][vc_column_text css=&#8221;&#8221;]<strong class=\"numeros\">112<\/strong><\/p>\n<p class=\"p1\"><span class=\"s1\">managed grants<\/span><\/p>\n<p>[\/vc_column_text][\/vc_column_inner][vc_column_inner width=&#8221;1\/3&#8243;][vc_column_text css=&#8221;&#8221;]<strong class=\"numeros\">771<\/strong><\/p>\n<p>people hired in relation to research projects[\/vc_column_text][\/vc_column_inner][vc_column_inner width=&#8221;1\/3&#8243;][vc_column_text css=&#8221;&#8221;]<strong class=\"numeros\">1,763<\/strong><\/p>\n<p>active projects[\/vc_column_text][\/vc_column_inner][\/vc_row_inner][\/vc_column][\/vc_row][vc_row full_width=&#8221;stretch_row&#8221; el_class=&#8221;fons_gris_mig&#8221; css=&#8221;.vc_custom_1506769256238{margin-bottom: 30px !important;padding-bottom: 100px !important;}&#8221;][vc_column][vc_custom_heading text=&#8221;Activities performed&#8221; font_container=&#8221;tag:h2|text_align:center&#8221; use_theme_fonts=&#8221;yes&#8221; css=&#8221;.vc_custom_1508239489860{padding-bottom: 30px !important;}&#8221; el_class=&#8221;titular&#8221;][vc_row_inner][vc_column_inner width=&#8221;1\/3&#8243;][vc_column_text css=&#8221;&#8221;]<strong class=\"numeros\">51<\/strong><\/p>\n<p>promoted activities[\/vc_column_text][\/vc_column_inner][vc_column_inner width=&#8221;1\/3&#8243;][vc_column_text css=&#8221;&#8221;]<strong class=\"numeros\">1,256<\/strong><\/p>\n<p>beneficiaries[\/vc_column_text][\/vc_column_inner][vc_column_inner width=&#8221;1\/3&#8243;][vc_column_text css=&#8221;&#8221;]<strong class=\"numeros\">1,763<\/strong><\/p>\n<p>active projects[\/vc_column_text][\/vc_column_inner][\/vc_row_inner][\/vc_column][\/vc_row][vc_row css=&#8221;.vc_custom_1505492097313{padding-top: 50px !important;padding-bottom: 50px !important;}&#8221;][vc_column][vc_custom_heading text=&#8221;Clusters and Communities&#8221; font_container=&#8221;tag:h2|text_align:center&#8221; use_theme_fonts=&#8221;yes&#8221; el_class=&#8221;titular&#8221;][vc_column_text css=&#8221;.vc_custom_1693829440781{padding-top: 40px !important;padding-bottom: 60px !important;}&#8221;]The University of Barcelona actively participates, through the FBG, in different business groups, with the aim of facilitating contact between the research staff and research groups of the UB with companies and other agents in the same sector.[\/vc_column_text][vc_row_inner][vc_column_inner width=&#8221;1\/3&#8243;][vc_column_text css=&#8221;&#8221;]<strong>Through the FBG<\/strong><\/p>\n<ul>\n<li>Beauty Cluster Barcelona<\/li>\n<li>KID&#8217;S Cluster<\/li>\n<li>CataloniaBIO &amp; Health Tech<\/li>\n<\/ul>\n<p>[\/vc_column_text][\/vc_column_inner][vc_column_inner width=&#8221;1\/3&#8243;][vc_column_text]<strong>Through research groups, institutes, networks, etc.<\/strong><\/p>\n<ul>\n<li>CataloniaBIO &amp; Health Tech<\/li>\n<li>Cl\u00faster de Materials Avan\u00e7ats de Catalunya (MAV)<\/li>\n<li>Catalan Water Partnership (CWP)<\/li>\n<li>Cl\u00faster \u00d2ptica i Fot\u00f2nica (secpho)<\/li>\n<li>Cl\u00faster Audiovisual de Catalunya<\/li>\n<li>Food N&#8217;Nutrition Cluster<\/li>\n<\/ul>\n<p>[\/vc_column_text][\/vc_column_inner][vc_column_inner width=&#8221;1\/3&#8243;][vc_column_text]<strong>Communities<\/strong><\/p>\n<ul>\n<li>Deep Tech Community<\/li>\n<li>TECNIO<\/li>\n<\/ul>\n<p>[\/vc_column_text][\/vc_column_inner][\/vc_row_inner][\/vc_column][\/vc_row][vc_row full_width=&#8221;stretch_row&#8221; parallax=&#8221;content-moving&#8221; parallax_image=&#8221;912&#8243; css=&#8221;.vc_custom_1505933846596{padding-top: 250px !important;padding-bottom: 280px !important;}&#8221;][vc_column][\/vc_column][\/vc_row][vc_row css=&#8221;.vc_custom_1507799139512{padding-top: 100px !important;padding-bottom: 100px !important;}&#8221; el_class=&#8221;crida_accio&#8221;][vc_column width=&#8221;1\/3&#8243;][vc_single_image image=&#8221;228&#8243; img_size=&#8221;full&#8221; alignment=&#8221;right&#8221; css=&#8221;.vc_custom_1504876969363{padding-right: 20px !important;}&#8221; el_class=&#8221;bola_destacat&#8221;][\/vc_column][vc_column width=&#8221;2\/3&#8243;][vc_column_text css=&#8221;.vc_custom_1508239765769{padding-bottom: 0px !important;}&#8221;]<strong>Would you like to learn more about the activity of the FBG?<\/strong><\/p>\n<p>Contact us at <a class=\"taronja\" href=\"&#x6d;&#x61;&#x69;&#x6c;&#x74;&#111;&#58;&#102;&#98;g&#64;f&#x62;&#x67;&#x2e;&#x75;&#x62;&#x2e;&#101;&#100;&#117;\"><strong>fbg&#64;fbg&#46;ub&#46;e&#100;&#117;<\/strong><\/a> and we will tell you about it<\/p>\n<p>We are a team of people who work for you[\/vc_column_text][\/vc_column][\/vc_row]<\/p>\n<\/div>","protected":false},"excerpt":{"rendered":"<p>[vc_row el_class=&#8221;ampla_mobil&#8221;][vc_column width=&#8221;1\/3&#8243;][\/vc_column][vc_column width=&#8221;2\/3&#8243;][vc_column_text]At the FBG we facilitate university-company collaborations to increase the university&#8217;s impact on society.[\/vc_column_text][\/vc_column][\/vc_row][vc_row][vc_column][vc_custom_heading text=&#8221;2024 Results&#8221; font_container=&#8221;tag:h2|text_align:center&#8221;&#8230;<\/p>\n","protected":false},"author":1,"featured_media":0,"parent":1376,"menu_order":0,"comment_status":"closed","ping_status":"closed","template":"","meta":{"_acf_changed":false,"inline_featured_image":false,"_monsterinsights_skip_tracking":false,"_monsterinsights_sitenote_active":false,"_monsterinsights_sitenote_note":"","_monsterinsights_sitenote_category":0,"footnotes":""},"class_list":["post-1488","page","type-page","status-publish","hentry"],"acf":[],"_links":{"self":[{"href":"https:\/\/www.fbg.ub.edu\/en\/wp-json\/wp\/v2\/pages\/1488","targetHints":{"allow":["GET"]}}],"collection":[{"href":"https:\/\/www.fbg.ub.edu\/en\/wp-json\/wp\/v2\/pages"}],"about":[{"href":"https:\/\/www.fbg.ub.edu\/en\/wp-json\/wp\/v2\/types\/page"}],"author":[{"embeddable":true,"href":"https:\/\/www.fbg.ub.edu\/en\/wp-json\/wp\/v2\/users\/1"}],"replies":[{"embeddable":true,"href":"https:\/\/www.fbg.ub.edu\/en\/wp-json\/wp\/v2\/comments?post=1488"}],"version-history":[{"count":48,"href":"https:\/\/www.fbg.ub.edu\/en\/wp-json\/wp\/v2\/pages\/1488\/revisions"}],"predecessor-version":[{"id":23007,"href":"https:\/\/www.fbg.ub.edu\/en\/wp-json\/wp\/v2\/pages\/1488\/revisions\/23007"}],"up":[{"embeddable":true,"href":"https:\/\/www.fbg.ub.edu\/en\/wp-json\/wp\/v2\/pages\/1376"}],"wp:attachment":[{"href":"https:\/\/www.fbg.ub.edu\/en\/wp-json\/wp\/v2\/media?parent=1488"}],"curies":[{"name":"wp","href":"https:\/\/api.w.org\/{rel}","templated":true}]}}