{"id":1444,"date":"2017-09-08T06:18:56","date_gmt":"2017-09-08T05:18:56","guid":{"rendered":"http:\/\/161.116.26.48\/ambits\/quimica-energia-recursos\/"},"modified":"2017-11-21T09:40:22","modified_gmt":"2017-11-21T08:40:22","slug":"chemistry-energy-and-resources","status":"publish","type":"page","link":"https:\/\/www.fbg.ub.edu\/en\/areas-of-expertise\/chemistry-energy-and-resources\/","title":{"rendered":"Chemistry, Energy, and Resources"},"content":{"rendered":"<div class=\"wpb-content-wrapper\"><p>[vc_row full_width=&#8221;stretch_row_content_no_spaces&#8221;][vc_column][vc_tta_tabs shape=&#8221;square&#8221; spacing=&#8221;&#8221; active_section=&#8221;1&#8243; no_fill_content_area=&#8221;true&#8221; el_class=&#8221;pestanyes&#8221;][vc_tta_section title=&#8221;UB Expertise&#8221; tab_id=&#8221;expertesa&#8221; el_class=&#8221;pestanya&#8221;]<div class=\"fbg_expertesa\"><a href=\"https:\/\/www.fbg.ub.edu\/en\/researchers\/ub-expertise\/quimic\/\"><div class=\"container\"><div class=\"title tipus_link_intern\">Chemical<\/div><\/div><\/a><\/div><div class=\"fbg_expertesa\"><a href=\"https:\/\/www.fbg.ub.edu\/en\/researchers\/ub-expertise\/construccio\/\"><div class=\"container\"><div class=\"title tipus_link_intern\">Construction<\/div><\/div><\/a><\/div><div class=\"fbg_expertesa\"><a href=\"https:\/\/www.fbg.ub.edu\/en\/researchers\/ub-expertise\/cosmetica\/\"><div class=\"container\"><div class=\"title tipus_link_intern\">Cosmetics<\/div><\/div><\/a><\/div><div class=\"fbg_expertesa\"><a href=\"https:\/\/www.fbg.ub.edu\/en\/researchers\/ub-expertise\/energy\/\"><div class=\"container\"><div class=\"title tipus_link_intern\">Energy<\/div><\/div><\/a><\/div><div class=\"fbg_expertesa\"><a href=\"https:\/\/www.fbg.ub.edu\/en\/researchers\/ub-expertise\/the-environment\/\"><div class=\"container\"><div class=\"title tipus_link_intern\">Environment<\/div><\/div><\/a><\/div><div class=\"fbg_expertesa\"><a href=\"https:\/\/www.fbg.ub.edu\/en\/researchers\/ub-expertise\/materials\/\"><div class=\"container\"><div class=\"title tipus_link_intern\">Materials<\/div><\/div><\/a><\/div><div class=\"fbg_expertesa\"><a href=\"https:\/\/www.fbg.ub.edu\/en\/researchers\/ub-expertise\/water\/\"><div class=\"container\"><div class=\"title tipus_link_intern\">Water<\/div><\/div><\/a><\/div>[vc_row_inner el_class=&#8221;text-center&#8221;][vc_column_inner][vc_column_text el_class=&#8221;container&#8221; css=&#8221;.vc_custom_1511253593322{padding-top: 60px !important;}&#8221;]<\/p>\n<p style=\"text-align: right;\"><a class=\"text1 text15 taronja senseratlla\" href=\"http:\/\/www.fbg.ub.edu\/en\/researchers\/ub-expertise\/\"><strong>See more UB Expertiset &gt;<\/strong><\/a><\/p>\n<p>[\/vc_column_text][\/vc_column_inner][\/vc_row_inner][\/vc_tta_section][vc_tta_section title=&#8221;Technologies for licencing&#8221; tab_id=&#8221;tecnologies&#8221; el_class=&#8221;pestanya&#8221;]<div class=\"container\"><div class=\"fbg_tecnologies\"><a href=\"https:\/\/www.fbg.ub.edu\/en\/what-we-do\/technologies-materials-and-licences\/advanced-materials-for-energy-production-and-storage-with-a-long-life-cycle\/\"><div class=\"title tipus_link_intern\"><div class=\"imatge\"><img loading=\"lazy\" decoding=\"async\" width=\"195\" height=\"118\" src=\"https:\/\/www.fbg.ub.edu\/wp-content\/uploads\/2024\/09\/UBTT0501_Imatge-principal-195x118.jpg\" class=\"img-responsive wp-post-image\" alt=\"\" \/><\/div><div class=\"text\">Advanced materials for energy production and storage with a long-life cycle<\/div><\/div><\/a><\/div><div class=\"fbg_tecnologies\"><a href=\"https:\/\/www.fbg.ub.edu\/en\/what-we-do\/technologies-materials-and-licences\/technologies-for-licencing\/ichnaea-software-system-for-microbial-source-tracking-applications\/\"><div class=\"title tipus_link_intern\"><div class=\"imatge\"><img loading=\"lazy\" decoding=\"async\" width=\"195\" height=\"118\" src=\"https:\/\/www.fbg.ub.edu\/wp-content\/uploads\/2017\/09\/AVCRI160-195x118.jpg\" class=\"img-responsive wp-post-image\" alt=\"\" \/><\/div><div class=\"text\">ICHNAEA: A Software System for Microbial Source Tracking Applications<\/div><\/div><\/a><\/div><div class=\"fbg_tecnologies\"><a href=\"https:\/\/www.fbg.ub.edu\/en\/what-we-do\/technologies-materials-and-licences\/new-rhodium-catalysts-to-improve-regioselectivity-in-hydroformylation\/\"><div class=\"title tipus_link_intern\"><div class=\"imatge\"><img loading=\"lazy\" decoding=\"async\" width=\"195\" height=\"112\" src=\"https:\/\/www.fbg.ub.edu\/wp-content\/uploads\/2023\/09\/UBTT0452_Imatge-principal_2-195x112.png\" class=\"img-responsive wp-post-image\" alt=\"\" \/><\/div><div class=\"text\">New rhodium catalysts to improve regioselectivity in hydroformylation<\/div><\/div><\/a><\/div><div class=\"fbg_tecnologies\"><a href=\"https:\/\/www.fbg.ub.edu\/en\/what-we-do\/technologies-materials-and-licences\/technologies-for-licencing\/sustainable-%ce%b3-valerolactone-production-via-photothermal-catalysis\/\"><div class=\"title tipus_link_intern\"><div class=\"imatge\"><img loading=\"lazy\" decoding=\"async\" width=\"195\" height=\"118\" src=\"https:\/\/www.fbg.ub.edu\/wp-content\/uploads\/2025\/10\/UBTT0519-E_imatge-generica-195x118.jpg\" class=\"img-responsive wp-post-image\" alt=\"\" \/><\/div><div class=\"text\">Sustainable \u03b3-valerolactone Production via Photothermal Catalysis<\/div><\/div><\/a><\/div><\/div>[vc_row_inner el_class=&#8221;text-center&#8221;][vc_column_inner][vc_column_text el_class=&#8221;container&#8221; css=&#8221;.vc_custom_1511253602434{padding-top: 60px !important;}&#8221;]<\/p>\n<p style=\"text-align: right;\"><a class=\"text1 text15 taronja senseratlla\" href=\"http:\/\/www.fbg.ub.edu\/en\/what-we-do\/technologies-materials-and-licences\/\"><strong>See more Technologies for licencing &gt;<\/strong><\/a><\/p>\n<p>[\/vc_column_text][\/vc_column_inner][\/vc_row_inner][\/vc_tta_section][vc_tta_section title=&#8221;UB Research groups&#8221; tab_id=&#8221;recerca&#8221; el_class=&#8221;pestanya&#8221;]<div class=\"fbg_grupsrecerca\"><a href=\"https:\/\/www.fbg.ub.edu\/en\/researchers\/research-groups-of-the-ub\/antiox\/\"><div class=\"container\"><div class=\"title tipus_link_intern\">ANTIOX<\/div><\/div><\/a><\/div><div class=\"fbg_grupsrecerca\"><a href=\"https:\/\/www.fbg.ub.edu\/en\/researchers\/research-groups-of-the-ub\/applied-computational-chemistry-molecular-lab\/\"><div class=\"container\"><div class=\"title tipus_link_intern\">Applied Computational Chemistry &#038; Molecular Lab<\/div><\/div><\/a><\/div><div class=\"fbg_grupsrecerca\"><a href=\"https:\/\/www.fbg.ub.edu\/en\/researchers\/research-groups-of-the-ub\/capas-finas-e-ingenieria-superficies\/\"><div class=\"container\"><div class=\"title tipus_link_intern\">Capas Finas e Ingenier\u00eda de Superficies<\/div><\/div><\/a><\/div><div class=\"fbg_grupsrecerca\"><a href=\"https:\/\/www.fbg.ub.edu\/en\/researchers\/research-groups-of-the-ub\/caracteritzacio-nous-microorganismes-dorigen-antartic\/\"><div class=\"container\"><div class=\"title tipus_link_intern\">Caracteritzaci\u00f3 de nous Microorganismes d&#8217;Origen Ant\u00e0rtic<\/div><\/div><\/a><\/div><div class=\"fbg_grupsrecerca\"><a href=\"https:\/\/www.fbg.ub.edu\/en\/researchers\/research-groups-of-the-ub\/caracteritzacio-i-processos-en-ciencia-de-materials-cpcm\/\"><div class=\"container\"><div class=\"title tipus_link_intern\">Caracteritzaci\u00f3 i Processos en Ci\u00e8ncia de Materials &#8211; CPCM<\/div><\/div><\/a><\/div><div class=\"fbg_grupsrecerca\"><a href=\"https:\/\/www.fbg.ub.edu\/en\/researchers\/research-groups-of-the-ub\/catalisi-cinetica-aplicada-cca\/\"><div class=\"container\"><div class=\"title tipus_link_intern\">Cat\u00e0lisi i Cin\u00e8tica Aplicada (CCA)<\/div><\/div><\/a><\/div><div class=\"fbg_grupsrecerca\"><a href=\"https:\/\/www.fbg.ub.edu\/en\/researchers\/research-groups-of-the-ub\/colloides\/\"><div class=\"container\"><div class=\"title tipus_link_intern\">Col\u00b7loides<\/div><\/div><\/a><\/div><div class=\"fbg_grupsrecerca\"><a href=\"https:\/\/www.fbg.ub.edu\/en\/researchers\/research-groups-of-the-ub\/crop-monitoring\/\"><div class=\"container\"><div class=\"title tipus_link_intern\">Crop monitoring<\/div><\/div><\/a><\/div><div class=\"fbg_grupsrecerca\"><a href=\"https:\/\/www.fbg.ub.edu\/en\/researchers\/research-groups-of-the-ub\/datascienceub\/\"><div class=\"container\"><div class=\"title tipus_link_intern\">DATASCIENCE@UB<\/div><\/div><\/a><\/div><div class=\"fbg_grupsrecerca\"><a href=\"https:\/\/www.fbg.ub.edu\/en\/researchers\/research-groups-of-the-ub\/design-and-development-of-therapeutic-peptides\/\"><div class=\"container\"><div class=\"title tipus_link_intern\">Design and development of therapeutic peptides<\/div><\/div><\/a><\/div><div class=\"fbg_grupsrecerca\"><a href=\"https:\/\/www.fbg.ub.edu\/en\/researchers\/research-groups-of-the-ub\/energetica-metabolisme-secundari-peixos-enutpe\/\"><div class=\"container\"><div class=\"title tipus_link_intern\">Energ\u00e8tica i metabolisme secundari en peixos &#8211; ENUTPE<\/div><\/div><\/a><\/div><div class=\"fbg_grupsrecerca\"><a href=\"https:\/\/www.fbg.ub.edu\/en\/researchers\/research-groups-of-the-ub\/enginyeria-processos-doxidacio-avancada-epoa\/\"><div class=\"container\"><div class=\"title tipus_link_intern\">Enginyeria de Processos d&#8217;Oxidaci\u00f3 Avan\u00e7ada (EPOA)<\/div><\/div><\/a><\/div><div class=\"fbg_grupsrecerca\"><a href=\"https:\/\/www.fbg.ub.edu\/en\/researchers\/research-groups-of-the-ub\/enzims-microbians-daplicacio-industrial\/\"><div class=\"container\"><div class=\"title tipus_link_intern\">Enzims microbians d\u2019aplicaci\u00f3 industrial<\/div><\/div><\/a><\/div><div class=\"fbg_grupsrecerca\"><a href=\"https:\/\/www.fbg.ub.edu\/en\/researchers\/research-groups-of-the-ub\/farmacologia-productes-naturals\/\"><div class=\"container\"><div class=\"title tipus_link_intern\">Farmacologia de productes naturals<\/div><\/div><\/a><\/div><div class=\"fbg_grupsrecerca\"><a href=\"https:\/\/www.fbg.ub.edu\/en\/researchers\/research-groups-of-the-ub\/geomodels-research-institute\/\"><div class=\"container\"><div class=\"title tipus_link_intern\">Geomodels Research Institute<\/div><\/div><\/a><\/div><div class=\"fbg_grupsrecerca\"><a href=\"https:\/\/www.fbg.ub.edu\/en\/researchers\/research-groups-of-the-ub\/grup-de-recerca-en-geotecnologia-i-sostenibilitat-ambiental\/\"><div class=\"container\"><div class=\"title tipus_link_intern\">Grup de recerca en geotecnologia i sostenibilitat ambiental<\/div><\/div><\/a><\/div><div class=\"fbg_grupsrecerca\"><a href=\"https:\/\/www.fbg.ub.edu\/en\/researchers\/research-groups-of-the-ub\/in-vitro-alternative-testing-methodology\/\"><div class=\"container\"><div class=\"title tipus_link_intern\">In vitro alternative testing methodology<\/div><\/div><\/a><\/div><div class=\"fbg_grupsrecerca\"><a href=\"https:\/\/www.fbg.ub.edu\/en\/researchers\/research-groups-of-the-ub\/laboratori-delectroquimica-dels-materials-medi-ambient-lemma\/\"><div class=\"container\"><div class=\"title tipus_link_intern\">Laboratori d&#8217;electroqu\u00edmica dels materials i del medi ambient &#8211; LEMMA<\/div><\/div><\/a><\/div><div class=\"fbg_grupsrecerca\"><a href=\"https:\/\/www.fbg.ub.edu\/en\/researchers\/research-groups-of-the-ub\/microbiologia-aplicada-alimentacio-veterinaria\/\"><div class=\"container\"><div class=\"title tipus_link_intern\">Microbiologia aplicada a alimentaci\u00f3 i veterin\u00e0ria<\/div><\/div><\/a><\/div><div class=\"fbg_grupsrecerca\"><a href=\"https:\/\/www.fbg.ub.edu\/en\/researchers\/research-groups-of-the-ub\/minerologia-aplicada-medi-ambient\/\"><div class=\"container\"><div class=\"title tipus_link_intern\">Mineralogia aplicada i medi ambient<\/div><\/div><\/a><\/div><div class=\"fbg_grupsrecerca\"><a href=\"https:\/\/www.fbg.ub.edu\/en\/observatori-danalisi-avaluacio-politiques-publiques-grup-recerca-governs-mercats\/\"><div class=\"container\"><div class=\"title tipus_link_intern\">Observatori d\u2019An\u00e0lisi i Avaluaci\u00f3 de les Pol\u00edtiques P\u00fabliques \/\/ Grup de Recerca en Governs i Mercats<\/div><\/div><\/a><\/div><div class=\"fbg_grupsrecerca\"><a href=\"https:\/\/www.fbg.ub.edu\/en\/researchers\/research-groups-of-the-ub\/sedimentary-geology-research-group\/\"><div class=\"container\"><div class=\"title tipus_link_intern\">Sedimentary Geology Research Group<\/div><\/div><\/a><\/div><div class=\"fbg_grupsrecerca\"><a href=\"https:\/\/www.fbg.ub.edu\/en\/researchers\/research-groups-of-the-ub\/vircont\/\"><div class=\"container\"><div class=\"title tipus_link_intern\">VIRCONT<\/div><\/div><\/a><\/div>[vc_row_inner el_class=&#8221;text-center&#8221;][vc_column_inner][vc_column_text el_class=&#8221;container&#8221; css=&#8221;.vc_custom_1511253611704{padding-top: 60px !important;}&#8221;]<\/p>\n<p style=\"text-align: right;\"><a class=\"text1 text15 taronja senseratlla\" href=\"http:\/\/www.fbg.ub.edu\/en\/researchers\/research-groups-of-the-ub\/\"><strong>See more groups &gt;<\/strong><\/a><\/p>\n<p>[\/vc_column_text][\/vc_column_inner][\/vc_row_inner][\/vc_tta_section][vc_tta_section title=&#8221;TECNIO Groups&#8221; tab_id=&#8221;tecnio&#8221; el_class=&#8221;pestanya&#8221;]<div class=\"container\"><div class=\"fbg_grupstecnio\"><a href=\"https:\/\/www.fbg.ub.edu\/en\/researchers\/tecnio-groups\/cemic-centre-denginyeria-microsistemes-instrumentacio-control\/\"><div class=\"title tipus_link_intern\"><div class=\"imatge\"><img loading=\"lazy\" decoding=\"async\" width=\"195\" height=\"72\" src=\"https:\/\/www.fbg.ub.edu\/wp-content\/uploads\/2017\/09\/cemic-195x72.jpg\" class=\"img-responsive wp-post-image\" alt=\"\" \/><\/div><div class=\"text\">CEMIC &#8211; Microsystems Engineering Center for Instrumentation and Control<\/div><\/div><\/a><\/div><div class=\"fbg_grupstecnio\"><a href=\"https:\/\/www.fbg.ub.edu\/en\/researchers\/tecnio-groups\/candidat-data-scienceub\/\"><div class=\"title tipus_link_intern\"><div class=\"imatge\"><img loading=\"lazy\" decoding=\"async\" width=\"195\" height=\"118\" src=\"https:\/\/www.fbg.ub.edu\/wp-content\/uploads\/2018\/01\/Data-Science-195x118.jpg\" class=\"img-responsive wp-post-image\" alt=\"\" \/><\/div><div class=\"text\">Data Science@UB<\/div><\/div><\/a><\/div><div class=\"fbg_grupstecnio\"><a href=\"https:\/\/www.fbg.ub.edu\/en\/researchers\/tecnio-groups\/diopma-centre-disseny-optimitzacio-processos-materials\/\"><div class=\"title tipus_link_intern\"><div class=\"imatge\"><img loading=\"lazy\" decoding=\"async\" width=\"139\" height=\"118\" src=\"https:\/\/www.fbg.ub.edu\/wp-content\/uploads\/2017\/09\/diopma-139x118.jpg\" class=\"img-responsive wp-post-image\" alt=\"\" \/><\/div><div class=\"text\">DIOPMA &#8211; Center for Design and Optimization of Processes and Materials<\/div><\/div><\/a><\/div><\/div>[vc_row_inner el_class=&#8221;text-center&#8221;][vc_column_inner][vc_column_text el_class=&#8221;container&#8221; css=&#8221;.vc_custom_1511253620434{padding-top: 60px !important;}&#8221;]<\/p>\n<p style=\"text-align: right;\"><a class=\"text1 text15 taronja senseratlla\" href=\"http:\/\/www.fbg.ub.edu\/en\/researchers\/tecnio-groups\/\"><strong> See all groups &gt;<\/strong><\/a><\/p>\n<p>[\/vc_column_text][\/vc_column_inner][\/vc_row_inner][\/vc_tta_section][\/vc_tta_tabs][\/vc_column][\/vc_row][vc_row css=&#8221;.vc_custom_1507797622833{padding-top: 100px !important;padding-bottom: 100px !important;}&#8221; el_class=&#8221;crida_accio&#8221;][vc_column width=&#8221;1\/3&#8243;][vc_single_image image=&#8221;228&#8243; img_size=&#8221;full&#8221; alignment=&#8221;right&#8221; el_class=&#8221;bola_destacat&#8221; css=&#8221;.vc_custom_1504876969363{padding-right: 20px !important;}&#8221;][\/vc_column][vc_column width=&#8221;2\/3&#8243;][vc_column_text css=&#8221;.vc_custom_1508242298518{padding-bottom: 0px !important;}&#8221;]<strong>Did you find what you need for your project or company?<\/strong><\/p>\n<p>If not, contact us at <a class=\"taronja\" href=\"&#109;&#x61;i&#108;&#x74;o&#58;&#x66;b&#x67;&#x40;&#102;&#x62;g&#46;&#x75;b&#46;&#x65;d&#x75;\"><strong>&#102;b&#103;&#64;&#102;b&#x67;&#46;&#x75;b&#x2e;e&#x64;u<\/strong><\/a> and we will advise you<\/p>\n<p>We are a team of people who work for you[\/vc_column_text][\/vc_column][\/vc_row][vc_row full_width=&#8221;stretch_row&#8221; parallax=&#8221;content-moving&#8221; parallax_image=&#8221;918&#8243; css=&#8221;.vc_custom_1505934110743{padding-top: 250px !important;padding-bottom: 280px !important;}&#8221;][vc_column][\/vc_column][\/vc_row]<\/p>\n<\/div>","protected":false},"excerpt":{"rendered":"<p>[vc_row full_width=&#8221;stretch_row_content_no_spaces&#8221;][vc_column][vc_tta_tabs shape=&#8221;square&#8221; spacing=&#8221;&#8221; active_section=&#8221;1&#8243; no_fill_content_area=&#8221;true&#8221; el_class=&#8221;pestanyes&#8221;][vc_tta_section title=&#8221;UB Expertise&#8221; tab_id=&#8221;expertesa&#8221; el_class=&#8221;pestanya&#8221;][vc_row_inner el_class=&#8221;text-center&#8221;][vc_column_inner][vc_column_text el_class=&#8221;container&#8221; css=&#8221;.vc_custom_1511253593322{padding-top: 60px !important;}&#8221;] See more UB Expertiset&#8230;<\/p>\n","protected":false},"author":1,"featured_media":0,"parent":1434,"menu_order":0,"comment_status":"closed","ping_status":"closed","template":"page-ambit.php","meta":{"_acf_changed":false,"inline_featured_image":false,"_monsterinsights_skip_tracking":false,"_monsterinsights_sitenote_active":false,"_monsterinsights_sitenote_note":"","_monsterinsights_sitenote_category":0,"footnotes":""},"class_list":["post-1444","page","type-page","status-publish","hentry"],"acf":[],"_links":{"self":[{"href":"https:\/\/www.fbg.ub.edu\/en\/wp-json\/wp\/v2\/pages\/1444","targetHints":{"allow":["GET"]}}],"collection":[{"href":"https:\/\/www.fbg.ub.edu\/en\/wp-json\/wp\/v2\/pages"}],"about":[{"href":"https:\/\/www.fbg.ub.edu\/en\/wp-json\/wp\/v2\/types\/page"}],"author":[{"embeddable":true,"href":"https:\/\/www.fbg.ub.edu\/en\/wp-json\/wp\/v2\/users\/1"}],"replies":[{"embeddable":true,"href":"https:\/\/www.fbg.ub.edu\/en\/wp-json\/wp\/v2\/comments?post=1444"}],"version-history":[{"count":4,"href":"https:\/\/www.fbg.ub.edu\/en\/wp-json\/wp\/v2\/pages\/1444\/revisions"}],"predecessor-version":[{"id":3498,"href":"https:\/\/www.fbg.ub.edu\/en\/wp-json\/wp\/v2\/pages\/1444\/revisions\/3498"}],"up":[{"embeddable":true,"href":"https:\/\/www.fbg.ub.edu\/en\/wp-json\/wp\/v2\/pages\/1434"}],"wp:attachment":[{"href":"https:\/\/www.fbg.ub.edu\/en\/wp-json\/wp\/v2\/media?parent=1444"}],"curies":[{"name":"wp","href":"https:\/\/api.w.org\/{rel}","templated":true}]}}