{"id":1442,"date":"2017-09-08T06:19:48","date_gmt":"2017-09-08T05:19:48","guid":{"rendered":"http:\/\/161.116.26.48\/ambits\/mobilitat-sostenible\/"},"modified":"2017-11-21T09:43:11","modified_gmt":"2017-11-21T08:43:11","slug":"sustainable-mobility","status":"publish","type":"page","link":"https:\/\/www.fbg.ub.edu\/en\/areas-of-expertise\/sustainable-mobility\/","title":{"rendered":"Sustainable Mobility"},"content":{"rendered":"<div class=\"wpb-content-wrapper\"><p>[vc_row full_width=&#8221;stretch_row_content_no_spaces&#8221;][vc_column][vc_tta_tabs shape=&#8221;square&#8221; spacing=&#8221;&#8221; active_section=&#8221;1&#8243; no_fill_content_area=&#8221;true&#8221; el_class=&#8221;pestanyes&#8221;][vc_tta_section title=&#8221;UB Expertise&#8221; tab_id=&#8221;expertesa&#8221; el_class=&#8221;pestanya&#8221;]<div class=\"fbg_expertesa\"><a href=\"https:\/\/www.fbg.ub.edu\/en\/researchers\/ub-expertise\/automocio\/\"><div class=\"container\"><div class=\"title tipus_link_intern\">Automotive industry<\/div><\/div><\/a><\/div><div class=\"fbg_expertesa\"><a href=\"https:\/\/www.fbg.ub.edu\/en\/researchers\/ub-expertise\/tecnologia-informacio-comunicacio-coneixement\/\"><div class=\"container\"><div class=\"title tipus_link_intern\">Information and Communication Technologies<\/div><\/div><\/a><\/div><div class=\"fbg_expertesa\"><a href=\"https:\/\/www.fbg.ub.edu\/en\/researchers\/ub-expertise\/turisme-i-lleure\/\"><div class=\"container\"><div class=\"title tipus_link_intern\">Tourism &#038; leisure<\/div><\/div><\/a><\/div>[vc_row_inner el_class=&#8221;text-center&#8221;][vc_column_inner][vc_column_text el_class=&#8221;container&#8221; css=&#8221;.vc_custom_1511253733070{padding-top: 60px !important;}&#8221;]<\/p>\n<p style=\"text-align: right;\"><a class=\"text1 text15 taronja senseratlla\" href=\"http:\/\/www.fbg.ub.edu\/en\/researchers\/ub-expertise\/\"><strong>See more UB Expertiset &gt;<\/strong><\/a><\/p>\n<p>[\/vc_column_text][\/vc_column_inner][\/vc_row_inner][\/vc_tta_section][vc_tta_section title=&#8221;Technologies for licencing&#8221; tab_id=&#8221;tecnologies&#8221; el_class=&#8221;pestanya&#8221;][vc_row_inner el_class=&#8221;text-center&#8221;][vc_column_inner][vc_column_text el_class=&#8221;container&#8221; css=&#8221;.vc_custom_1511253767102{padding-top: 60px !important;}&#8221;]<\/p>\n<p style=\"text-align: right;\"><a class=\"text1 text15 taronja senseratlla\" href=\"http:\/\/www.fbg.ub.edu\/en\/what-we-do\/technologies-materials-and-licences\/\"><strong>See more Technologies for licencing &gt;<\/strong><\/a><\/p>\n<p>[\/vc_column_text][\/vc_column_inner][\/vc_row_inner][\/vc_tta_section][vc_tta_section title=&#8221;UB Research groups&#8221; tab_id=&#8221;recerca&#8221; el_class=&#8221;pestanya&#8221;]<div class=\"fbg_grupsrecerca\"><a href=\"https:\/\/www.fbg.ub.edu\/en\/researchers\/research-groups-of-the-ub\/adaptabit\/\"><div class=\"container\"><div class=\"title tipus_link_intern\">ADAPTABIT<\/div><\/div><\/a><\/div><div class=\"fbg_grupsrecerca\"><a href=\"https:\/\/www.fbg.ub.edu\/en\/researchers\/research-groups-of-the-ub\/anterrit\/\"><div class=\"container\"><div class=\"title tipus_link_intern\">ANTERRIT<\/div><\/div><\/a><\/div><div class=\"fbg_grupsrecerca\"><a href=\"https:\/\/www.fbg.ub.edu\/en\/researchers\/research-groups-of-the-ub\/applied-computational-chemistry-molecular-lab\/\"><div class=\"container\"><div class=\"title tipus_link_intern\">Applied Computational Chemistry &#038; Molecular Lab<\/div><\/div><\/a><\/div><div class=\"fbg_grupsrecerca\"><a href=\"https:\/\/www.fbg.ub.edu\/en\/researchers\/research-groups-of-the-ub\/creativitat-innovacio-transformacio-urbana-crit\/\"><div class=\"container\"><div class=\"title tipus_link_intern\">Creativitat, Innovaci\u00f3 i Transformaci\u00f3 Urbana (CRIT)<\/div><\/div><\/a><\/div><div class=\"fbg_grupsrecerca\"><a href=\"https:\/\/www.fbg.ub.edu\/en\/researchers\/research-groups-of-the-ub\/datascienceub\/\"><div class=\"container\"><div class=\"title tipus_link_intern\">DATASCIENCE@UB<\/div><\/div><\/a><\/div><div class=\"fbg_grupsrecerca\"><a href=\"https:\/\/www.fbg.ub.edu\/en\/researchers\/research-groups-of-the-ub\/didpatri\/\"><div class=\"container\"><div class=\"title tipus_link_intern\">DIDPATRI<\/div><\/div><\/a><\/div><div class=\"fbg_grupsrecerca\"><a href=\"https:\/\/www.fbg.ub.edu\/en\/researchers\/research-groups-of-the-ub\/grup-recerca-innovacio-dissenys\/\"><div class=\"container\"><div class=\"title tipus_link_intern\">Grup de Recerca i Innovaci\u00f3 en Dissenys<\/div><\/div><\/a><\/div><div class=\"fbg_grupsrecerca\"><a href=\"https:\/\/www.fbg.ub.edu\/en\/researchers\/research-groups-of-the-ub\/grup-tecniques-estadistiques-avancades-aplicades-psicologia-gteaap\/\"><div class=\"container\"><div class=\"title tipus_link_intern\">Grup de t\u00e8cniques estad\u00edstiques avan\u00e7ades aplicades a la Psicologia (GTEAAP)<\/div><\/div><\/a><\/div><div class=\"fbg_grupsrecerca\"><a href=\"https:\/\/www.fbg.ub.edu\/en\/researchers\/research-groups-of-the-ub\/human-pose-recovery-and-behavior-analysis-group\/\"><div class=\"container\"><div class=\"title tipus_link_intern\">Human pose recovery and behavior analysis group<\/div><\/div><\/a><\/div><div class=\"fbg_grupsrecerca\"><a href=\"https:\/\/www.fbg.ub.edu\/en\/researchers\/research-groups-of-the-ub\/laboratori-delectroquimica-dels-materials-medi-ambient-lemma\/\"><div class=\"container\"><div class=\"title tipus_link_intern\">Laboratori d&#8217;electroqu\u00edmica dels materials i del medi ambient &#8211; LEMMA<\/div><\/div><\/a><\/div><div class=\"fbg_grupsrecerca\"><a href=\"https:\/\/www.fbg.ub.edu\/en\/researchers\/research-groups-of-the-ub\/aqr-lab\/\"><div class=\"container\"><div class=\"title tipus_link_intern\">Laboratori de Transfer\u00e8ncia en Economia Aplicada (AQR-LAB)<\/div><\/div><\/a><\/div><div class=\"fbg_grupsrecerca\"><a href=\"https:\/\/www.fbg.ub.edu\/en\/researchers\/research-groups-of-the-ub\/prometheuss-grup\/\"><div class=\"container\"><div class=\"title tipus_link_intern\">PROMETHEUSS GRUP<\/div><\/div><\/a><\/div><div class=\"fbg_grupsrecerca\"><a href=\"https:\/\/www.fbg.ub.edu\/en\/researchers\/research-groups-of-the-ub\/psicosao\/\"><div class=\"container\"><div class=\"title tipus_link_intern\">PsicoSAO  Grup de recerca en Psicologia Social, Ambiental i Organitzacional<\/div><\/div><\/a><\/div>[vc_row_inner el_class=&#8221;text-center&#8221;][vc_column_inner][vc_column_text el_class=&#8221;container&#8221; css=&#8221;.vc_custom_1511253778488{padding-top: 60px !important;}&#8221;]<\/p>\n<p style=\"text-align: right;\"><a class=\"text1 text15 taronja senseratlla\" href=\"http:\/\/www.fbg.ub.edu\/en\/researchers\/research-groups-of-the-ub\/\"><strong>See more groups &gt;<\/strong><\/a><\/p>\n<p>[\/vc_column_text][\/vc_column_inner][\/vc_row_inner][\/vc_tta_section][vc_tta_section title=&#8221;TECNIO Groups&#8221; tab_id=&#8221;tecnio&#8221; el_class=&#8221;pestanya&#8221;]<div class=\"container\"><div class=\"fbg_grupstecnio\"><a href=\"https:\/\/www.fbg.ub.edu\/en\/researchers\/tecnio-groups\/cpt-centre-projeccio-termica-ub\/\"><div class=\"title tipus_link_intern\"><div class=\"imatge\"><img loading=\"lazy\" decoding=\"async\" width=\"195\" height=\"99\" src=\"https:\/\/www.fbg.ub.edu\/wp-content\/uploads\/2017\/09\/cpt-195x99.png\" class=\"img-responsive wp-post-image\" alt=\"\" \/><\/div><div class=\"text\">CPT &#8211; UB Thermal Projection Centre<\/div><\/div><\/a><\/div><div class=\"fbg_grupstecnio\"><a href=\"https:\/\/www.fbg.ub.edu\/en\/researchers\/tecnio-groups\/candidat-data-scienceub\/\"><div class=\"title tipus_link_intern\"><div class=\"imatge\"><img loading=\"lazy\" decoding=\"async\" width=\"195\" height=\"118\" src=\"https:\/\/www.fbg.ub.edu\/wp-content\/uploads\/2018\/01\/Data-Science-195x118.jpg\" class=\"img-responsive wp-post-image\" alt=\"\" \/><\/div><div class=\"text\">Data Science@UB<\/div><\/div><\/a><\/div><div class=\"fbg_grupstecnio\"><a href=\"https:\/\/www.fbg.ub.edu\/en\/researchers\/tecnio-groups\/diopma-centre-disseny-optimitzacio-processos-materials\/\"><div class=\"title tipus_link_intern\"><div class=\"imatge\"><img loading=\"lazy\" decoding=\"async\" width=\"139\" height=\"118\" src=\"https:\/\/www.fbg.ub.edu\/wp-content\/uploads\/2017\/09\/diopma-139x118.jpg\" class=\"img-responsive wp-post-image\" alt=\"\" \/><\/div><div class=\"text\">DIOPMA &#8211; Center for Design and Optimization of Processes and Materials<\/div><\/div><\/a><\/div><\/div>[vc_row_inner el_class=&#8221;text-center&#8221;][vc_column_inner][vc_column_text el_class=&#8221;container&#8221; css=&#8221;.vc_custom_1511253788827{padding-top: 60px !important;}&#8221;]<\/p>\n<p style=\"text-align: right;\"><a class=\"text1 text15 taronja senseratlla\" href=\"http:\/\/www.fbg.ub.edu\/en\/researchers\/tecnio-groups\/\"><strong> See all groups &gt;<\/strong><\/a><\/p>\n<p>[\/vc_column_text][\/vc_column_inner][\/vc_row_inner][\/vc_tta_section][\/vc_tta_tabs][\/vc_column][\/vc_row][vc_row css=&#8221;.vc_custom_1507797615337{padding-top: 100px !important;padding-bottom: 100px !important;}&#8221; el_class=&#8221;crida_accio&#8221;][vc_column width=&#8221;1\/3&#8243;][vc_single_image image=&#8221;228&#8243; img_size=&#8221;full&#8221; alignment=&#8221;right&#8221; el_class=&#8221;bola_destacat&#8221; css=&#8221;.vc_custom_1504876969363{padding-right: 20px !important;}&#8221;][\/vc_column][vc_column width=&#8221;2\/3&#8243;][vc_column_text css=&#8221;.vc_custom_1508242316990{padding-bottom: 0px !important;}&#8221;]<strong>Did you find what you need for your project or company?<\/strong><\/p>\n<p>If not, contact us at <a class=\"taronja\" href=\"&#x6d;&#x61;&#x69;&#x6c;&#116;&#111;:fb&#x67;&#x40;&#x66;&#x62;&#103;&#46;ub&#46;&#x65;&#x64;&#x75;\"><strong>&#x66;&#x62;&#x67;&#x40;&#102;&#98;&#103;&#46;u&#x62;&#x2e;&#x65;&#x64;&#x75;<\/strong><\/a> and we will advise you<\/p>\n<p>We are a team of people who work for you[\/vc_column_text][\/vc_column][\/vc_row][vc_row full_width=&#8221;stretch_row&#8221; parallax=&#8221;content-moving&#8221; parallax_image=&#8221;995&#8243; css=&#8221;.vc_custom_1505993245955{padding-top: 250px !important;padding-bottom: 280px !important;}&#8221;][vc_column][\/vc_column][\/vc_row]<\/p>\n<\/div>","protected":false},"excerpt":{"rendered":"<p>[vc_row full_width=&#8221;stretch_row_content_no_spaces&#8221;][vc_column][vc_tta_tabs shape=&#8221;square&#8221; spacing=&#8221;&#8221; active_section=&#8221;1&#8243; no_fill_content_area=&#8221;true&#8221; el_class=&#8221;pestanyes&#8221;][vc_tta_section title=&#8221;UB Expertise&#8221; tab_id=&#8221;expertesa&#8221; el_class=&#8221;pestanya&#8221;][vc_row_inner el_class=&#8221;text-center&#8221;][vc_column_inner][vc_column_text el_class=&#8221;container&#8221; css=&#8221;.vc_custom_1511253733070{padding-top: 60px !important;}&#8221;] See more UB Expertiset&#8230;<\/p>\n","protected":false},"author":1,"featured_media":0,"parent":1434,"menu_order":0,"comment_status":"closed","ping_status":"closed","template":"page-ambit.php","meta":{"_acf_changed":false,"inline_featured_image":false,"_monsterinsights_skip_tracking":false,"_monsterinsights_sitenote_active":false,"_monsterinsights_sitenote_note":"","_monsterinsights_sitenote_category":0,"footnotes":""},"class_list":["post-1442","page","type-page","status-publish","hentry"],"acf":[],"_links":{"self":[{"href":"https:\/\/www.fbg.ub.edu\/en\/wp-json\/wp\/v2\/pages\/1442","targetHints":{"allow":["GET"]}}],"collection":[{"href":"https:\/\/www.fbg.ub.edu\/en\/wp-json\/wp\/v2\/pages"}],"about":[{"href":"https:\/\/www.fbg.ub.edu\/en\/wp-json\/wp\/v2\/types\/page"}],"author":[{"embeddable":true,"href":"https:\/\/www.fbg.ub.edu\/en\/wp-json\/wp\/v2\/users\/1"}],"replies":[{"embeddable":true,"href":"https:\/\/www.fbg.ub.edu\/en\/wp-json\/wp\/v2\/comments?post=1442"}],"version-history":[{"count":4,"href":"https:\/\/www.fbg.ub.edu\/en\/wp-json\/wp\/v2\/pages\/1442\/revisions"}],"predecessor-version":[{"id":3501,"href":"https:\/\/www.fbg.ub.edu\/en\/wp-json\/wp\/v2\/pages\/1442\/revisions\/3501"}],"up":[{"embeddable":true,"href":"https:\/\/www.fbg.ub.edu\/en\/wp-json\/wp\/v2\/pages\/1434"}],"wp:attachment":[{"href":"https:\/\/www.fbg.ub.edu\/en\/wp-json\/wp\/v2\/media?parent=1442"}],"curies":[{"name":"wp","href":"https:\/\/api.w.org\/{rel}","templated":true}]}}