{"id":1438,"date":"2017-09-08T06:20:32","date_gmt":"2017-09-08T05:20:32","guid":{"rendered":"http:\/\/161.116.26.48\/ambits\/cultura-i-experiencia\/"},"modified":"2017-11-21T09:45:15","modified_gmt":"2017-11-21T08:45:15","slug":"culture-and-experience","status":"publish","type":"page","link":"https:\/\/www.fbg.ub.edu\/en\/areas-of-expertise\/culture-and-experience\/","title":{"rendered":"Culture and Experience"},"content":{"rendered":"<div class=\"wpb-content-wrapper\"><p>[vc_row full_width=&#8221;stretch_row_content_no_spaces&#8221;][vc_column][vc_tta_tabs shape=&#8221;square&#8221; spacing=&#8221;&#8221; active_section=&#8221;1&#8243; no_fill_content_area=&#8221;true&#8221; el_class=&#8221;pestanyes&#8221;][vc_tta_section title=&#8221;UB Expertise&#8221; tab_id=&#8221;expertesa&#8221; el_class=&#8221;pestanya&#8221;]<div class=\"fbg_expertesa\"><a href=\"https:\/\/www.fbg.ub.edu\/en\/researchers\/ub-expertise\/gestio-patrimonial\/\"><div class=\"container\"><div class=\"title tipus_link_intern\">Cultural Heritage Management<\/div><\/div><\/a><\/div><div class=\"fbg_expertesa\"><a href=\"https:\/\/www.fbg.ub.edu\/en\/researchers\/ub-expertise\/editorial-i-comunicacions\/\"><div class=\"container\"><div class=\"title tipus_link_intern\">Editorial &#038; communications<\/div><\/div><\/a><\/div><div class=\"fbg_expertesa\"><a href=\"https:\/\/www.fbg.ub.edu\/en\/researchers\/ub-expertise\/education\/\"><div class=\"container\"><div class=\"title tipus_link_intern\">Education<\/div><\/div><\/a><\/div><div class=\"fbg_expertesa\"><a href=\"https:\/\/www.fbg.ub.edu\/en\/researchers\/ub-expertise\/tecnologia-informacio-comunicacio-coneixement\/\"><div class=\"container\"><div class=\"title tipus_link_intern\">Information and Communication Technologies<\/div><\/div><\/a><\/div><div class=\"fbg_expertesa\"><a href=\"https:\/\/www.fbg.ub.edu\/en\/researchers\/ub-expertise\/innovacio-en-turisme\/\"><div class=\"container\"><div class=\"title tipus_link_intern\">Innovaci\u00f3 en turisme<\/div><\/div><\/a><\/div><div class=\"fbg_expertesa\"><a href=\"https:\/\/www.fbg.ub.edu\/en\/researchers\/ub-expertise\/estudis-socioeconomics-dempresa\/\"><div class=\"container\"><div class=\"title tipus_link_intern\">Socio-economic and Business Studies<\/div><\/div><\/a><\/div><div class=\"fbg_expertesa\"><a href=\"https:\/\/www.fbg.ub.edu\/en\/researchers\/ub-expertise\/cataleg-dels-grups-recerca-ub-lambit-lesport\/\"><div class=\"container\"><div class=\"title tipus_link_intern\">Sport<\/div><\/div><\/a><\/div><div class=\"fbg_expertesa\"><a href=\"https:\/\/www.fbg.ub.edu\/en\/researchers\/ub-expertise\/turisme-i-lleure\/\"><div class=\"container\"><div class=\"title tipus_link_intern\">Tourism &#038; leisure<\/div><\/div><\/a><\/div>[vc_row_inner el_class=&#8221;text-center&#8221;][vc_column_inner][vc_column_text el_class=&#8221;container&#8221; css=&#8221;.vc_custom_1511253880662{padding-top: 60px !important;}&#8221;]<\/p>\n<p style=\"text-align: right;\"><a class=\"text1 text15 taronja senseratlla\" href=\"http:\/\/www.fbg.ub.edu\/en\/researchers\/ub-expertise\/\"><strong>See more UB Expertiset &gt;<\/strong><\/a><\/p>\n<p>[\/vc_column_text][\/vc_column_inner][\/vc_row_inner][\/vc_tta_section][vc_tta_section title=&#8221;Technologies for licencing&#8221; tab_id=&#8221;tecnologies&#8221; el_class=&#8221;pestanya&#8221;]<div class=\"container\"><div class=\"fbg_tecnologies\"><a href=\"https:\/\/www.fbg.ub.edu\/en\/what-we-do\/technologies-materials-and-licences\/technologies-for-licencing\/dypes-dynamic-microsimulation-tool-to-analyze-pension-systems\/\"><div class=\"title tipus_link_intern\"><div class=\"imatge\"><img loading=\"lazy\" decoding=\"async\" width=\"195\" height=\"118\" src=\"https:\/\/www.fbg.ub.edu\/wp-content\/uploads\/2025\/07\/UBTT0274_Imatge-principal-195x118.jpg\" class=\"img-responsive wp-post-image\" alt=\"\" \/><\/div><div class=\"text\">Dypes: a dynamic microsimulation tool to analyze pension systems<\/div><\/div><\/a><\/div><div class=\"fbg_tecnologies\"><a href=\"https:\/\/www.fbg.ub.edu\/en\/what-we-do\/technologies-materials-and-licences\/technologies-for-licencing\/interactive-visualization-of-collaborative-networks\/\"><div class=\"title tipus_link_intern\"><div class=\"imatge\"><img loading=\"lazy\" decoding=\"async\" width=\"195\" height=\"118\" src=\"https:\/\/www.fbg.ub.edu\/wp-content\/uploads\/2017\/09\/flyer-UBTT0318-195x118.jpg\" class=\"img-responsive wp-post-image\" alt=\"\" \/><\/div><div class=\"text\">Interactive visualization of collaborative networks<\/div><\/div><\/a><\/div><div class=\"fbg_tecnologies\"><a href=\"https:\/\/www.fbg.ub.edu\/en\/what-we-do\/technologies-materials-and-licences\/technologies-for-licencing\/miar-matriu-dinformacio-lanalisi-revistes\/\"><div class=\"title tipus_link_intern\"><div class=\"imatge\"><img loading=\"lazy\" decoding=\"async\" width=\"195\" height=\"118\" src=\"https:\/\/www.fbg.ub.edu\/wp-content\/uploads\/2018\/02\/pexels-photo-264600-195x118.jpg\" class=\"img-responsive wp-post-image\" alt=\"\" \/><\/div><div class=\"text\">MIAR: Matriu d&#8217;Informaci\u00f3 per a l&#8217;An\u00e0lisi de Revistes<\/div><\/div><\/a><\/div><div class=\"fbg_tecnologies\"><a href=\"https:\/\/www.fbg.ub.edu\/en\/what-we-do\/technologies-materials-and-licences\/technologies-for-licencing\/programa-microeconometriaub-%e2%80%a8paquete-estadistico-y-econometrico\/\"><div class=\"title tipus_link_intern\"><div class=\"imatge\"><img loading=\"lazy\" decoding=\"async\" width=\"195\" height=\"118\" src=\"https:\/\/www.fbg.ub.edu\/wp-content\/uploads\/2017\/09\/Programa_MicroEconometria-195x118.jpg\" class=\"img-responsive wp-post-image\" alt=\"\" \/><\/div><div class=\"text\">Programa MicroEconometria\u00a9UB \u2028Paquete estad\u00edstico y econom\u00e9trico<\/div><\/div><\/a><\/div><div class=\"fbg_tecnologies\"><a href=\"https:\/\/www.fbg.ub.edu\/en\/what-we-do\/technologies-materials-and-licences\/technologies-for-licencing\/readout-circuits-for-multi-channel-photomultiplier-arrays\/\"><div class=\"title tipus_link_intern\"><div class=\"imatge\"><img loading=\"lazy\" decoding=\"async\" width=\"195\" height=\"118\" src=\"https:\/\/www.fbg.ub.edu\/wp-content\/uploads\/2017\/09\/AVCRI190-195x118.jpg\" class=\"img-responsive wp-post-image\" alt=\"\" \/><\/div><div class=\"text\">Readout circuits for multi-channel photomultiplier arrays<\/div><\/div><\/a><\/div><div class=\"fbg_tecnologies\"><a href=\"https:\/\/www.fbg.ub.edu\/en\/what-we-do\/technologies-materials-and-licences\/technologies-for-licencing\/scribal-ai-infrastructure-for-real-time-transcription-translation-and-accessibility\/\"><div class=\"title tipus_link_intern\"><div class=\"imatge\"><img loading=\"lazy\" decoding=\"async\" width=\"195\" height=\"118\" src=\"https:\/\/www.fbg.ub.edu\/wp-content\/uploads\/2026\/05\/UBTT0553_imatge-generica-195x118.jpg\" class=\"img-responsive wp-post-image\" alt=\"\" \/><\/div><div class=\"text\">SCRIBAL: AI Infrastructure for Real-Time Transcription, Translation and Accessibility<\/div><\/div><\/a><\/div><div class=\"fbg_tecnologies\"><a href=\"https:\/\/www.fbg.ub.edu\/en\/what-we-do\/technologies-materials-and-licences\/testquest-analisis-y-evaluacion-tests\/\"><div class=\"title tipus_link_intern\"><div class=\"imatge\"><img loading=\"lazy\" decoding=\"async\" width=\"195\" height=\"118\" src=\"https:\/\/www.fbg.ub.edu\/wp-content\/uploads\/2018\/12\/UBTT0349_imatge-gen\u00e8rica-195x118.jpg\" class=\"img-responsive wp-post-image\" alt=\"\" \/><\/div><div class=\"text\">TestQuest: an\u00e1lisis y evaluaci\u00f3n de tests<\/div><\/div><\/a><\/div><\/div>[vc_row_inner el_class=&#8221;text-center&#8221;][vc_column_inner][vc_column_text el_class=&#8221;container&#8221; css=&#8221;.vc_custom_1511253891203{padding-top: 60px !important;}&#8221;]<\/p>\n<p style=\"text-align: right;\"><a class=\"text1 text15 taronja senseratlla\" href=\"http:\/\/www.fbg.ub.edu\/en\/what-we-do\/technologies-materials-and-licences\/\"><strong>See more Technologies for licencing &gt;<\/strong><\/a><\/p>\n<p>[\/vc_column_text][\/vc_column_inner][\/vc_row_inner][\/vc_tta_section][vc_tta_section title=&#8221;UB Research groups&#8221; tab_id=&#8221;recerca&#8221; el_class=&#8221;pestanya&#8221;]<div class=\"fbg_grupsrecerca\"><a href=\"https:\/\/www.fbg.ub.edu\/en\/researchers\/research-groups-of-the-ub\/adaptabit\/\"><div class=\"container\"><div class=\"title tipus_link_intern\">ADAPTABIT<\/div><\/div><\/a><\/div><div class=\"fbg_grupsrecerca\"><a href=\"https:\/\/www.fbg.ub.edu\/en\/researchers\/research-groups-of-the-ub\/anterrit\/\"><div class=\"container\"><div class=\"title tipus_link_intern\">ANTERRIT<\/div><\/div><\/a><\/div><div class=\"fbg_grupsrecerca\"><a href=\"https:\/\/www.fbg.ub.edu\/en\/researchers\/research-groups-of-the-ub\/conservacio-restauracio-patrimoni\/\"><div class=\"container\"><div class=\"title tipus_link_intern\">Conservaci\u00f3 &#8211; Restauraci\u00f3 del patrimoni<\/div><\/div><\/a><\/div><div class=\"fbg_grupsrecerca\"><a href=\"https:\/\/www.fbg.ub.edu\/en\/researchers\/research-groups-of-the-ub\/creativitat-innovacio-transformacio-urbana-crit\/\"><div class=\"container\"><div class=\"title tipus_link_intern\">Creativitat, Innovaci\u00f3 i Transformaci\u00f3 Urbana (CRIT)<\/div><\/div><\/a><\/div><div class=\"fbg_grupsrecerca\"><a href=\"https:\/\/www.fbg.ub.edu\/en\/researchers\/research-groups-of-the-ub\/cusc-centre-universitari-sociolinguistica-comunicacio\/\"><div class=\"container\"><div class=\"title tipus_link_intern\">CUSC- Centre Universitari de Socioling\u00fc\u00edstica i Comunicaci\u00f3<\/div><\/div><\/a><\/div><div class=\"fbg_grupsrecerca\"><a href=\"https:\/\/www.fbg.ub.edu\/en\/researchers\/research-groups-of-the-ub\/datascienceub\/\"><div class=\"container\"><div class=\"title tipus_link_intern\">DATASCIENCE@UB<\/div><\/div><\/a><\/div><div class=\"fbg_grupsrecerca\"><a href=\"https:\/\/www.fbg.ub.edu\/en\/researchers\/research-groups-of-the-ub\/date\/\"><div class=\"container\"><div class=\"title tipus_link_intern\">DATE: Disseny i An\u00e0lisi de Tests i Enquestes<\/div><\/div><\/a><\/div><div class=\"fbg_grupsrecerca\"><a href=\"https:\/\/www.fbg.ub.edu\/en\/researchers\/research-groups-of-the-ub\/derecho-penal-economico-y-empresarial-garantias-constitucionales\/\"><div class=\"container\"><div class=\"title tipus_link_intern\">Derecho Penal econ\u00f3mico y empresarial. Garant\u00edas Constitucionales<\/div><\/div><\/a><\/div><div class=\"fbg_grupsrecerca\"><a href=\"https:\/\/www.fbg.ub.edu\/en\/researchers\/research-groups-of-the-ub\/didpatri\/\"><div class=\"container\"><div class=\"title tipus_link_intern\">DIDPATRI<\/div><\/div><\/a><\/div><div class=\"fbg_grupsrecerca\"><a href=\"https:\/\/www.fbg.ub.edu\/en\/researchers\/research-groups-of-the-ub\/dret-constitucional\/\"><div class=\"container\"><div class=\"title tipus_link_intern\">Dret Constitucional<\/div><\/div><\/a><\/div><div class=\"fbg_grupsrecerca\"><a href=\"https:\/\/www.fbg.ub.edu\/en\/researchers\/research-groups-of-the-ub\/edap-comunicacio-estudis-discurs-academic-professional-edap\/\"><div class=\"container\"><div class=\"title tipus_link_intern\">EDAP-COMUNICACI\u00d3 Estudis del discurs acad\u00e8mic i professional (EDAP)<\/div><\/div><\/a><\/div><div class=\"fbg_grupsrecerca\"><a href=\"https:\/\/www.fbg.ub.edu\/en\/researchers\/research-groups-of-the-ub\/edufises\/\"><div class=\"container\"><div class=\"title tipus_link_intern\">EDUFISES<\/div><\/div><\/a><\/div><div class=\"fbg_grupsrecerca\"><a href=\"https:\/\/www.fbg.ub.edu\/en\/researchers\/research-groups-of-the-ub\/emac-romanic-gotic\/\"><div class=\"container\"><div class=\"title tipus_link_intern\">EMAC rom\u00e0nic i g\u00f2tic<\/div><\/div><\/a><\/div><div class=\"fbg_grupsrecerca\"><a href=\"https:\/\/www.fbg.ub.edu\/en\/researchers\/research-groups-of-the-ub\/eraaub\/\"><div class=\"container\"><div class=\"title tipus_link_intern\">ERAAUB<\/div><\/div><\/a><\/div><div class=\"fbg_grupsrecerca\"><a href=\"https:\/\/www.fbg.ub.edu\/en\/researchers\/research-groups-of-the-ub\/event-lab\/\"><div class=\"container\"><div class=\"title tipus_link_intern\">Event LAB<\/div><\/div><\/a><\/div><div class=\"fbg_grupsrecerca\"><a href=\"https:\/\/www.fbg.ub.edu\/en\/researchers\/research-groups-of-the-ub\/geav\/\"><div class=\"container\"><div class=\"title tipus_link_intern\">GEAV<\/div><\/div><\/a><\/div><div class=\"fbg_grupsrecerca\"><a href=\"https:\/\/www.fbg.ub.edu\/en\/researchers\/research-groups-of-the-ub\/grup-barcelona-d\/\"><div class=\"container\"><div class=\"title tipus_link_intern\">Grup de recerca D&#8230;<\/div><\/div><\/a><\/div><div class=\"fbg_grupsrecerca\"><a href=\"https:\/\/www.fbg.ub.edu\/en\/researchers\/research-groups-of-the-ub\/grup-recerca-innovacio-dissenys\/\"><div class=\"container\"><div class=\"title tipus_link_intern\">Grup de Recerca i Innovaci\u00f3 en Dissenys<\/div><\/div><\/a><\/div><div class=\"fbg_grupsrecerca\"><a href=\"https:\/\/www.fbg.ub.edu\/en\/researchers\/research-groups-of-the-ub\/grup-tecniques-estadistiques-avancades-aplicades-psicologia-gteaap\/\"><div class=\"container\"><div class=\"title tipus_link_intern\">Grup de t\u00e8cniques estad\u00edstiques avan\u00e7ades aplicades a la Psicologia (GTEAAP)<\/div><\/div><\/a><\/div><div class=\"fbg_grupsrecerca\"><a href=\"https:\/\/www.fbg.ub.edu\/en\/researchers\/research-groups-of-the-ub\/grup-fone\/\"><div class=\"container\"><div class=\"title tipus_link_intern\">Grup Fon\u00e9<\/div><\/div><\/a><\/div><div class=\"fbg_grupsrecerca\"><a href=\"https:\/\/www.fbg.ub.edu\/en\/researchers\/research-groups-of-the-ub\/grupo-investigacion-comportamiento-incentivos-y-regulacion-cir\/\"><div class=\"container\"><div class=\"title tipus_link_intern\">Grupo de Investigaci\u00f3n en Comportamiento, Incentivos y Regulaci\u00f3n (CIR)\u00a0<\/div><\/div><\/a><\/div><div class=\"fbg_grupsrecerca\"><a href=\"https:\/\/www.fbg.ub.edu\/en\/researchers\/research-groups-of-the-ub\/human-system-audit-hsa\/\"><div class=\"container\"><div class=\"title tipus_link_intern\">Human System Audit &#8211; HSA<\/div><\/div><\/a><\/div><div class=\"fbg_grupsrecerca\"><a href=\"https:\/\/www.fbg.ub.edu\/en\/researchers\/research-groups-of-the-ub\/integracio-laboral-persones-discapacitat-inlab\/\"><div class=\"container\"><div class=\"title tipus_link_intern\">Integraci\u00f3 Laboral de Persones amb Discapacitat (InLab)<\/div><\/div><\/a><\/div><div class=\"fbg_grupsrecerca\"><a href=\"https:\/\/www.fbg.ub.edu\/en\/researchers\/research-groups-of-the-ub\/laboratori-fonetica-ub\/\"><div class=\"container\"><div class=\"title tipus_link_intern\">Laboratori de Fon\u00e8tica de la UB<\/div><\/div><\/a><\/div><div class=\"fbg_grupsrecerca\"><a href=\"https:\/\/www.fbg.ub.edu\/en\/researchers\/research-groups-of-the-ub\/laboratori-mitjans-interactius\/\"><div class=\"container\"><div class=\"title tipus_link_intern\">Laboratori de Mitjans Interactius<\/div><\/div><\/a><\/div><div class=\"fbg_grupsrecerca\"><a href=\"https:\/\/www.fbg.ub.edu\/en\/researchers\/research-groups-of-the-ub\/aqr-lab\/\"><div class=\"container\"><div class=\"title tipus_link_intern\">Laboratori de Transfer\u00e8ncia en Economia Aplicada (AQR-LAB)<\/div><\/div><\/a><\/div><div class=\"fbg_grupsrecerca\"><a href=\"https:\/\/www.fbg.ub.edu\/en\/researchers\/research-groups-of-the-ub\/magna-ars\/\"><div class=\"container\"><div class=\"title tipus_link_intern\">MAGNA ARS<\/div><\/div><\/a><\/div><div class=\"fbg_grupsrecerca\"><a href=\"https:\/\/www.fbg.ub.edu\/en\/researchers\/research-groups-of-the-ub\/marqueting-experimental-noves-tecnologies-ment\/\"><div class=\"container\"><div class=\"title tipus_link_intern\">M\u00e0rqueting Experimental i Noves Tecnologies (MENT)<\/div><\/div><\/a><\/div><div class=\"fbg_grupsrecerca\"><a href=\"https:\/\/www.fbg.ub.edu\/en\/researchers\/research-groups-of-the-ub\/marqueting-investigacions-mercat\/\"><div class=\"container\"><div class=\"title tipus_link_intern\">M\u00e0rqueting i investigacions de mercat<\/div><\/div><\/a><\/div><div class=\"fbg_grupsrecerca\"><a href=\"https:\/\/www.fbg.ub.edu\/en\/researchers\/research-groups-of-the-ub\/neuroimage-analysis-group\/\"><div class=\"container\"><div class=\"title tipus_link_intern\">Neuroimage Analysis Group<\/div><\/div><\/a><\/div><div class=\"fbg_grupsrecerca\"><a href=\"https:\/\/www.fbg.ub.edu\/en\/researchers\/research-groups-of-the-ub\/perfilacio-analisi-conducta-criminal-pacc\/\"><div class=\"container\"><div class=\"title tipus_link_intern\">Perfilaci\u00f3 i An\u00e0lisi de la Conducta Criminal (PACC)<\/div><\/div><\/a><\/div><div class=\"fbg_grupsrecerca\"><a href=\"https:\/\/www.fbg.ub.edu\/en\/researchers\/research-groups-of-the-ub\/probabilitats-i-estadistica\/\"><div class=\"container\"><div class=\"title tipus_link_intern\">Probabilitats i estad\u00edstica<\/div><\/div><\/a><\/div><div class=\"fbg_grupsrecerca\"><a href=\"https:\/\/www.fbg.ub.edu\/en\/researchers\/research-groups-of-the-ub\/psicosao\/\"><div class=\"container\"><div class=\"title tipus_link_intern\">PsicoSAO  Grup de recerca en Psicologia Social, Ambiental i Organitzacional<\/div><\/div><\/a><\/div>[vc_row_inner el_class=&#8221;text-center&#8221;][vc_column_inner][vc_column_text el_class=&#8221;container&#8221; css=&#8221;.vc_custom_1511253903848{padding-top: 60px !important;}&#8221;]<\/p>\n<p style=\"text-align: right;\"><a class=\"text1 text15 taronja senseratlla\" href=\"http:\/\/www.fbg.ub.edu\/en\/researchers\/research-groups-of-the-ub\/\"><strong>See more groups &gt;<\/strong><\/a><\/p>\n<p>[\/vc_column_text][\/vc_column_inner][\/vc_row_inner][\/vc_tta_section][vc_tta_section title=&#8221;TECNIO Groups&#8221; tab_id=&#8221;tecnio&#8221; el_class=&#8221;pestanya&#8221;]<div class=\"container\"><div class=\"fbg_grupstecnio\"><a href=\"https:\/\/www.fbg.ub.edu\/en\/researchers\/tecnio-groups\/cemic-centre-denginyeria-microsistemes-instrumentacio-control\/\"><div class=\"title tipus_link_intern\"><div class=\"imatge\"><img loading=\"lazy\" decoding=\"async\" width=\"195\" height=\"72\" src=\"https:\/\/www.fbg.ub.edu\/wp-content\/uploads\/2017\/09\/cemic-195x72.jpg\" class=\"img-responsive wp-post-image\" alt=\"\" \/><\/div><div class=\"text\">CEMIC &#8211; Microsystems Engineering Center for Instrumentation and Control<\/div><\/div><\/a><\/div><div class=\"fbg_grupstecnio\"><a href=\"https:\/\/www.fbg.ub.edu\/en\/researchers\/tecnio-groups\/candidat-data-scienceub\/\"><div class=\"title tipus_link_intern\"><div class=\"imatge\"><img loading=\"lazy\" decoding=\"async\" width=\"195\" height=\"118\" src=\"https:\/\/www.fbg.ub.edu\/wp-content\/uploads\/2018\/01\/Data-Science-195x118.jpg\" class=\"img-responsive wp-post-image\" alt=\"\" \/><\/div><div class=\"text\">Data Science@UB<\/div><\/div><\/a><\/div><\/div>[vc_row_inner el_class=&#8221;text-center&#8221;][vc_column_inner][vc_column_text el_class=&#8221;container&#8221; css=&#8221;.vc_custom_1511253912229{padding-top: 60px !important;}&#8221;]<\/p>\n<p style=\"text-align: right;\"><a class=\"text1 text15 taronja senseratlla\" href=\"http:\/\/www.fbg.ub.edu\/en\/researchers\/tecnio-groups\/\"><strong> See all groups &gt;<\/strong><\/a><\/p>\n<p>[\/vc_column_text][\/vc_column_inner][\/vc_row_inner][\/vc_tta_section][\/vc_tta_tabs][\/vc_column][\/vc_row][vc_row css=&#8221;.vc_custom_1507797600014{padding-top: 100px !important;padding-bottom: 100px !important;}&#8221; el_class=&#8221;crida_accio&#8221;][vc_column width=&#8221;1\/3&#8243;][vc_single_image image=&#8221;228&#8243; img_size=&#8221;full&#8221; alignment=&#8221;right&#8221; el_class=&#8221;bola_destacat&#8221; css=&#8221;.vc_custom_1504876969363{padding-right: 20px !important;}&#8221;][\/vc_column][vc_column width=&#8221;2\/3&#8243;][vc_column_text css=&#8221;.vc_custom_1508242331503{padding-bottom: 0px !important;}&#8221;]<strong>Did you find what you need for your project or company?<\/strong><\/p>\n<p>If not, contact us at <a class=\"taronja\" href=\"&#109;&#x61;i&#108;&#x74;o&#x3a;&#x66;&#98;&#x67;&#64;&#102;&#x62;g&#46;&#x75;&#98;&#x2e;e&#100;&#x75;\"><strong>&#102;b&#x67;&#64;&#x66;b&#x67;&#46;&#x75;&#98;&#x2e;&#101;&#x64;&#117;<\/strong><\/a> and we will advise you<\/p>\n<p>We are a team of people who work for you[\/vc_column_text][\/vc_column][\/vc_row][vc_row full_width=&#8221;stretch_row&#8221; parallax=&#8221;content-moving&#8221; parallax_image=&#8221;906&#8243; css=&#8221;.vc_custom_1505932966844{padding-top: 250px !important;padding-bottom: 280px !important;}&#8221;][vc_column][\/vc_column][\/vc_row]<\/p>\n<\/div>","protected":false},"excerpt":{"rendered":"<p>[vc_row full_width=&#8221;stretch_row_content_no_spaces&#8221;][vc_column][vc_tta_tabs shape=&#8221;square&#8221; spacing=&#8221;&#8221; active_section=&#8221;1&#8243; no_fill_content_area=&#8221;true&#8221; el_class=&#8221;pestanyes&#8221;][vc_tta_section title=&#8221;UB Expertise&#8221; tab_id=&#8221;expertesa&#8221; el_class=&#8221;pestanya&#8221;][vc_row_inner el_class=&#8221;text-center&#8221;][vc_column_inner][vc_column_text el_class=&#8221;container&#8221; css=&#8221;.vc_custom_1511253880662{padding-top: 60px !important;}&#8221;] See more UB Expertiset&#8230;<\/p>\n","protected":false},"author":1,"featured_media":0,"parent":1434,"menu_order":0,"comment_status":"closed","ping_status":"closed","template":"page-ambit.php","meta":{"_acf_changed":false,"inline_featured_image":false,"_monsterinsights_skip_tracking":false,"_monsterinsights_sitenote_active":false,"_monsterinsights_sitenote_note":"","_monsterinsights_sitenote_category":0,"footnotes":""},"class_list":["post-1438","page","type-page","status-publish","hentry"],"acf":[],"_links":{"self":[{"href":"https:\/\/www.fbg.ub.edu\/en\/wp-json\/wp\/v2\/pages\/1438","targetHints":{"allow":["GET"]}}],"collection":[{"href":"https:\/\/www.fbg.ub.edu\/en\/wp-json\/wp\/v2\/pages"}],"about":[{"href":"https:\/\/www.fbg.ub.edu\/en\/wp-json\/wp\/v2\/types\/page"}],"author":[{"embeddable":true,"href":"https:\/\/www.fbg.ub.edu\/en\/wp-json\/wp\/v2\/users\/1"}],"replies":[{"embeddable":true,"href":"https:\/\/www.fbg.ub.edu\/en\/wp-json\/wp\/v2\/comments?post=1438"}],"version-history":[{"count":4,"href":"https:\/\/www.fbg.ub.edu\/en\/wp-json\/wp\/v2\/pages\/1438\/revisions"}],"predecessor-version":[{"id":3503,"href":"https:\/\/www.fbg.ub.edu\/en\/wp-json\/wp\/v2\/pages\/1438\/revisions\/3503"}],"up":[{"embeddable":true,"href":"https:\/\/www.fbg.ub.edu\/en\/wp-json\/wp\/v2\/pages\/1434"}],"wp:attachment":[{"href":"https:\/\/www.fbg.ub.edu\/en\/wp-json\/wp\/v2\/media?parent=1438"}],"curies":[{"name":"wp","href":"https:\/\/api.w.org\/{rel}","templated":true}]}}