{"id":13199,"date":"2021-12-09T17:04:30","date_gmt":"2021-12-09T15:04:30","guid":{"rendered":"http:\/\/161.116.26.48\/researchers\/research-groups-of-the-ub\/catalisi-cinetica-aplicada-cca\/"},"modified":"2021-12-09T17:15:58","modified_gmt":"2021-12-09T15:15:58","slug":"catalisi-cinetica-aplicada-cca","status":"publish","type":"page","link":"https:\/\/www.fbg.ub.edu\/en\/researchers\/research-groups-of-the-ub\/catalisi-cinetica-aplicada-cca\/","title":{"rendered":"Cat\u00e0lisi i Cin\u00e8tica Aplicada (CCA)"},"content":{"rendered":"<h3><strong>L\u00cdNIES DE RECERCA <\/strong><\/h3>\n<ul>\n<li>Cat\u00e0lisi per resines de bescanvi i\u00f2nic.<\/li>\n<li>Cat\u00e0lisi per zeolites.<\/li>\n<li>Obtenci\u00f3 d\u2019\u00e8ters ramificats per reacci\u00f3 d&#8217;alcohols lleugers amb olefines C4\u00a0(MTBE, ETBE, PTBE, IPTBE, BTBE) i C5\u00a0(TAME, TAEE). Els \u00e8ters ramificats son compostos oxigenats aptes per reformulaci\u00f3 de gasolines m\u00e9s netes.<\/li>\n<li>Oligomeritzaci\u00f3 d\u2019olefines C5-C8.<\/li>\n<li>Deshidrataci\u00f3 d&#8217;alcohols lineals a \u00e8ters de cadena llarga aptes com a fraccions dels di\u00e8sels comercials (DNPE, DNHE, DNOE, EOE).<\/li>\n<li>Conversi\u00f3 de la biomassa en productes qu\u00edmics i biocombustibles substitutius de derivats de fonts f\u00f2ssils d\u2019energia i mat\u00e8ries primeres (alquil levulinats, isohexides&#8230;)<\/li>\n<\/ul>\n<h3><strong>SERVEIS\u00a0<\/strong><\/h3>\n<ul>\n<li>Estudis termodin\u00e0mics i cin\u00e8tics de reaccions catal\u00edtiques<\/li>\n<li>Avaluaci\u00f3 d\u2019activitat catal\u00edtica de materials (screening)<\/li>\n<li>S\u00edntesi de catalitzadors<\/li>\n<li>Optimitzaci\u00f3 de condicions d\u2019operaci\u00f3 (composici\u00f3 inicial, temperatura, pressi\u00f3) per a maximitzaci\u00f3 de rendiment de processos industrials qu\u00edmics<\/li>\n<li>Estudis de viabilitat i validaci\u00f3 t\u00e8cnica de processos termocatal\u00edtics<\/li>\n<li>Modelitzaci\u00f3 i simulaci\u00f3 de resines de bescanvi i\u00f2nic com a catalitzadors<\/li>\n<li>Simulaci\u00f3 de reactors qu\u00edmics<\/li>\n<\/ul>\n<h3><strong>PUBLICACIONS RELLEVANTS<\/strong><\/h3>\n<ol>\n<li>Ram\u00edrez, R. Bringu\u00e9, C. Fit\u00e9, M. Iborra, J. Tejero, F. Cunill, Assessment of ion exchange resins as catalysts for the direct transformation of fructose into butyl levulinate, <em>App. Catal. A: General<\/em>, <strong>2021<\/strong>, <u>612<\/u>, 117988<\/li>\n<li>H. Badia, C. Fit\u00e9, R. Bringu\u00e9, E. Ram\u00edrez, M. Iborra, Liquid-phase synthesis of butyl tert-butyl ether catalysed by ion-exchange resins: kinetic modelling through in-depth model discrimination, <em>React. Chem. Eng<\/em>., <strong>2021<\/strong>, <u>6<\/u>,165-172.<\/li>\n<li>H. Badia, E. Ram\u00edrez, R. Soto, R. Bringu\u00e9, J. Tejero, F. Cunill, Optimization and green metrics analysis of the liquid-phase synthesis of sec-butyl levulinate by esterification of levulinic acid with 1-butene over ion-exchange resins, <em>Fuel Proc. Tech.<\/em>, <strong>2021<\/strong>, <u>220<\/u>, 106893<\/li>\n<li>H. Badia, E. Ram\u00edrez, R. Bringu\u00e9, F. Cunill, J. Delgado, New Octane Booster Molecules for Modern Gasoline Composition, <em>Energy Fuels<\/em>, <strong>2021<\/strong>, <u>35<\/u>, 14, 10949-10997<\/li>\n<li>Soto, N. Oktar, C. Fit\u00e9, E. Ram\u00edrez, R. Bringu\u00e9, J. Tejero, Experimental Study on the Liquid-Phase Adsorption Equilibrium of n-Butanol over Amberlyst\u212215 and Contribution of Diffusion Resistances, <em>Chem. Eng. Technol<\/em>., <strong>2021<\/strong>, <u>44<\/u>, 12, 2210\u20132219<\/li>\n<li>Ram\u00edrez, R. Soto, R. Bringue\u0301, M. Iborra, J. Tejero, Catalytic Hydroxyalkylation\/ Alkylation of 2\u2011Methylfuran with Butanal to Form a Biodiesel Precursor Using Acidic Ion-Exchange Resins, <em>Ind. Eng. Chem. Res<\/em><strong>. 2020<\/strong>, <u>59<\/u>, 20676\u221220685<\/li>\n<li>Bringu\u00e9, E. Ram\u00edrez, M. Iborra, J. Tejero, F. Cunill, Esterification of furfuryl alcohol to butyl levulinate over ion-exchange resins, <em>Fuel<\/em><strong>, 2019<\/strong>, <u>57<\/u>, #116010<\/li>\n<li>Iborra, J. Tejero, C. Fit\u00e9, E. Ram\u00edrez, F. Cunill, Liquid-phase synthesis of butyl levulinate with simultaneous water removal catalyzed by acid ion exchange resin, <em>J. Ind. Eng. Chem., <\/em><strong>2019<\/strong>, <u>789<\/u>, 222-231<\/li>\n<li>H. Badia, C. Fit\u00e9, R. Bringu\u00e9, M. Iborra, F. Cunill, Systematic kinetic modeling of the propyl tert-butyl ether synthesis reaction, <em>Chem. Eng. J<\/em>., <strong>2019<\/strong>, <u>356<\/u>, 219\u2013226<\/li>\n<\/ol>\n<h3><strong>PROJECTES RELLEVANTS\u00a0<\/strong><\/h3>\n<ul>\n<li>2018 &#8211; 2020. <em>Biocombustibles derivados del \u00e1cido levul\u00ednico. 1. Reacci\u00f3n con 1-buteno, 2. Hidrogenaci\u00f3n\/deshidrataci\u00f3n a nonano<\/em>.\u00a0 (Programa Nacional de ciencias y tecnolog\u00edas qu\u00edmicas).\u00a0 Ministerio de Economia y Competitividad.\u00a0 : CTQ2017-84398-R.\u00a0 IP: Javier Tejero Salvador; Montserrat Iborra<\/li>\n<\/ul>\n<h3><strong>SECTORS INDUSTRIALS<\/strong><\/h3>\n<ul>\n<li>Sector energ\u00e8tic<\/li>\n<li>Sector petroqu\u00edmic<\/li>\n<\/ul>\n<h3><strong>CLIENTS<\/strong><\/h3>\n<ul>\n<li>Fuerzas El\u00e9ctricas de Catalu\u00f1a, S.A. (FECSA)<\/li>\n<li>Repsol, S.A.<\/li>\n<li>ROHM &amp; HAAS COMPANY<\/li>\n<li>Dow Chemical (DuPont)<\/li>\n<\/ul>\n","protected":false},"excerpt":{"rendered":"<p>L\u00cdNIES DE RECERCA Cat\u00e0lisi per resines de bescanvi i\u00f2nic. Cat\u00e0lisi per zeolites. Obtenci\u00f3 d\u2019\u00e8ters ramificats per reacci\u00f3 d&#8217;alcohols lleugers amb&#8230;<\/p>\n","protected":false},"author":2,"featured_media":13194,"parent":1468,"menu_order":0,"comment_status":"closed","ping_status":"closed","template":"page-grupsrecerca.php","meta":{"_acf_changed":false,"inline_featured_image":false,"_monsterinsights_skip_tracking":false,"_monsterinsights_sitenote_active":false,"_monsterinsights_sitenote_note":"","_monsterinsights_sitenote_category":0,"footnotes":""},"class_list":["post-13199","page","type-page","status-publish","has-post-thumbnail","hentry"],"acf":[],"_links":{"self":[{"href":"https:\/\/www.fbg.ub.edu\/en\/wp-json\/wp\/v2\/pages\/13199","targetHints":{"allow":["GET"]}}],"collection":[{"href":"https:\/\/www.fbg.ub.edu\/en\/wp-json\/wp\/v2\/pages"}],"about":[{"href":"https:\/\/www.fbg.ub.edu\/en\/wp-json\/wp\/v2\/types\/page"}],"author":[{"embeddable":true,"href":"https:\/\/www.fbg.ub.edu\/en\/wp-json\/wp\/v2\/users\/2"}],"replies":[{"embeddable":true,"href":"https:\/\/www.fbg.ub.edu\/en\/wp-json\/wp\/v2\/comments?post=13199"}],"version-history":[{"count":1,"href":"https:\/\/www.fbg.ub.edu\/en\/wp-json\/wp\/v2\/pages\/13199\/revisions"}],"predecessor-version":[{"id":13201,"href":"https:\/\/www.fbg.ub.edu\/en\/wp-json\/wp\/v2\/pages\/13199\/revisions\/13201"}],"up":[{"embeddable":true,"href":"https:\/\/www.fbg.ub.edu\/en\/wp-json\/wp\/v2\/pages\/1468"}],"wp:featuredmedia":[{"embeddable":true,"href":"https:\/\/www.fbg.ub.edu\/en\/wp-json\/wp\/v2\/media\/13194"}],"wp:attachment":[{"href":"https:\/\/www.fbg.ub.edu\/en\/wp-json\/wp\/v2\/media?parent=13199"}],"curies":[{"name":"wp","href":"https:\/\/api.w.org\/{rel}","templated":true}]}}